{"id":91,"date":"2020-01-27T15:25:20","date_gmt":"2020-01-27T18:25:20","guid":{"rendered":"http:\/\/ortodontiapiraquara.com.br\/site\/?page_id=91"},"modified":"2024-06-21T12:14:21","modified_gmt":"2024-06-21T15:14:21","slug":"a-clinica","status":"publish","type":"page","link":"https:\/\/ortodontiapiraquara.com.br\/site\/a-clinica\/","title":{"rendered":"A Cl\u00ednica"},"content":{"rendered":"\n<h4 class=\"has-text-color wp-block-heading\" style=\"color:#f06d2c\">Seu dentista em Piraquara!<\/h4>\n\n\n\n<figure class=\"wp-block-image size-large\"><img decoding=\"async\" width=\"1024\" height=\"683\" data-src=\"http:\/\/ortodontiapiraquara.com.br\/site\/wp-content\/uploads\/2020\/01\/IMG_2811-1024x683.jpg\" alt=\"\" class=\"wp-image-92 lazyload\" data-srcset=\"https:\/\/ortodontiapiraquara.com.br\/site\/wp-content\/uploads\/2020\/01\/IMG_2811-1024x683.jpg 1024w, https:\/\/ortodontiapiraquara.com.br\/site\/wp-content\/uploads\/2020\/01\/IMG_2811-300x200.jpg 300w, https:\/\/ortodontiapiraquara.com.br\/site\/wp-content\/uploads\/2020\/01\/IMG_2811-768x512.jpg 768w, https:\/\/ortodontiapiraquara.com.br\/site\/wp-content\/uploads\/2020\/01\/IMG_2811-666x444.jpg 666w, https:\/\/ortodontiapiraquara.com.br\/site\/wp-content\/uploads\/2020\/01\/IMG_2811.jpg 1200w\" data-sizes=\"(max-width: 1024px) 100vw, 1024px\" src=\"data:image\/gif;base64,R0lGODlhAQABAAAAACH5BAEKAAEALAAAAAABAAEAAAICTAEAOw==\" style=\"--smush-placeholder-width: 1024px; --smush-placeholder-aspect-ratio: 1024\/683;\" \/><\/figure>\n\n\n\n<p>Na Ortodontia Piraquara voc\u00ea encontra dentistas para todas as especialidades odontol\u00f3gicas e todos os tratamentos e procedimentos s\u00e3o realizados por dentistas especialistas da \u00e1rea: Ortodontia, Cl\u00ednica Geral, Limpeza, Restaura\u00e7\u00f5es e Cirurgias, Tratamento de Canal, Clareamento, Implantes, Pr\u00f3teses. Atendemos adultos e crian\u00e7as. Tudo o que precisa em odonto aqui em Piraquara!<\/p>\n\n\n\n<p>Possui tamb\u00e9m Raio-X Panor\u00e2mico para realizar a documenta\u00e7\u00e3o ortod\u00f4ntica no local, n\u00e3o precisando sair de Piraquara para iniciar seu tratamento.  Est\u00e1 localizada bem no centro da cidade, em local de f\u00e1cil acesso. Se procura o melhor em Odonto, venha \u00e0 Ortodontia Piraquara. <\/p>\n\n\n\n<p>Av. Get\u00falio Vargas, 90 &#8211; Sala 1 &#8211; Piraquara &#8211; pr\u00f3ximo ao trilho do trem.<br>Maps: <a href=\"https:\/\/g.page\/ortodontiapiraquara?share\">https:\/\/g.page\/ortodontiapiraquara<\/a><\/p>\n\n\n\n<p>Telefone: (41) 3673-7448<\/p>\n\n\n\n<p>Whatsapp: <a href=\"http:\/\/bit.ly\/2JMcPfG\">(41) 99635-7618<\/a><\/p>\n\n\n\n<p>Facebook: <a href=\"https:\/\/www.facebook.com\/ortodontiapiraquara\">\/ortodontiapiraquara<\/a><\/p>\n\n\n\n<p>Instagram:  <a href=\"https:\/\/www.instagram.com\/ortodontia.piraquara\/\">@ortodontia.piraquara<\/a><\/p>\n","protected":false},"excerpt":{"rendered":"<p>Seu dentista em Piraquara! Na Ortodontia Piraquara voc\u00ea encontra dentistas para todas as especialidades odontol\u00f3gicas e todos os tratamentos e &hellip; <a href=\"https:\/\/ortodontiapiraquara.com.br\/site\/a-clinica\/\" class=\"more-link\"><span class=\"more-button\">Leia mais&#8230;<span class=\"screen-reader-text\">A Cl\u00ednica<\/span><\/span><\/a><\/p>\n","protected":false},"author":1,"featured_media":0,"parent":0,"menu_order":0,"comment_status":"closed","ping_status":"closed","template":"","meta":{"footnotes":""},"class_list":["post-91","page","type-page","status-publish","hentry"],"yoast_head":"<!-- This site is optimized with the Yoast SEO plugin v27.2 - https:\/\/yoast.com\/product\/yoast-seo-wordpress\/ -->\n<title>A Cl\u00ednica<\/title>\n<meta name=\"description\" content=\"Cl\u00ednica odontol\u00f3gica completa em Piraquara, com os melhores especialistas\" \/>\n<meta name=\"robots\" content=\"index, follow, max-snippet:-1, max-image-preview:large, max-video-preview:-1\" \/>\n<link rel=\"canonical\" href=\"https:\/\/ortodontiapiraquara.com.br\/site\/a-clinica\/\" \/>\n<meta property=\"og:locale\" content=\"pt_BR\" \/>\n<meta property=\"og:type\" content=\"article\" \/>\n<meta property=\"og:title\" content=\"A Cl\u00ednica\" \/>\n<meta property=\"og:description\" content=\"Cl\u00ednica odontol\u00f3gica completa em Piraquara, com os melhores especialistas\" \/>\n<meta property=\"og:url\" content=\"https:\/\/ortodontiapiraquara.com.br\/site\/a-clinica\/\" \/>\n<meta property=\"og:site_name\" content=\"Seu dentista em Piraquara: Ortodontia Piraquara\" \/>\n<meta property=\"article:publisher\" content=\"https:\/\/www.facebook.com\/ortodontiapiraquara\" \/>\n<meta property=\"article:modified_time\" content=\"2024-06-21T15:14:21+00:00\" \/>\n<meta property=\"og:image\" content=\"http:\/\/ortodontiapiraquara.com.br\/site\/wp-content\/uploads\/2020\/01\/IMG_2811-1024x683.jpg\" \/>\n<meta name=\"twitter:card\" content=\"summary_large_image\" \/>\n<meta name=\"twitter:label1\" content=\"Est. tempo de leitura\" \/>\n\t<meta name=\"twitter:data1\" content=\"1 minuto\" \/>\n<script type=\"application\/ld+json\" class=\"yoast-schema-graph\">{\"@context\":\"https:\/\/schema.org\",\"@graph\":[{\"@type\":\"WebPage\",\"@id\":\"https:\/\/ortodontiapiraquara.com.br\/site\/a-clinica\/\",\"url\":\"https:\/\/ortodontiapiraquara.com.br\/site\/a-clinica\/\",\"name\":\"A Cl\u00ednica\",\"isPartOf\":{\"@id\":\"https:\/\/ortodontiapiraquara.com.br\/site\/#website\"},\"primaryImageOfPage\":{\"@id\":\"https:\/\/ortodontiapiraquara.com.br\/site\/a-clinica\/#primaryimage\"},\"image\":{\"@id\":\"https:\/\/ortodontiapiraquara.com.br\/site\/a-clinica\/#primaryimage\"},\"thumbnailUrl\":\"http:\/\/ortodontiapiraquara.com.br\/site\/wp-content\/uploads\/2020\/01\/IMG_2811-1024x683.jpg\",\"datePublished\":\"2020-01-27T18:25:20+00:00\",\"dateModified\":\"2024-06-21T15:14:21+00:00\",\"description\":\"Cl\u00ednica odontol\u00f3gica completa em Piraquara, com os melhores especialistas\",\"breadcrumb\":{\"@id\":\"https:\/\/ortodontiapiraquara.com.br\/site\/a-clinica\/#breadcrumb\"},\"inLanguage\":\"pt-BR\",\"potentialAction\":[{\"@type\":\"ReadAction\",\"target\":[\"https:\/\/ortodontiapiraquara.com.br\/site\/a-clinica\/\"]}]},{\"@type\":\"ImageObject\",\"inLanguage\":\"pt-BR\",\"@id\":\"https:\/\/ortodontiapiraquara.com.br\/site\/a-clinica\/#primaryimage\",\"url\":\"https:\/\/ortodontiapiraquara.com.br\/site\/wp-content\/uploads\/2020\/01\/IMG_2811.jpg\",\"contentUrl\":\"https:\/\/ortodontiapiraquara.com.br\/site\/wp-content\/uploads\/2020\/01\/IMG_2811.jpg\",\"width\":1200,\"height\":800},{\"@type\":\"BreadcrumbList\",\"@id\":\"https:\/\/ortodontiapiraquara.com.br\/site\/a-clinica\/#breadcrumb\",\"itemListElement\":[{\"@type\":\"ListItem\",\"position\":1,\"name\":\"In\u00edcio\",\"item\":\"https:\/\/ortodontiapiraquara.com.br\/site\/\"},{\"@type\":\"ListItem\",\"position\":2,\"name\":\"A Cl\u00ednica\"}]},{\"@type\":\"WebSite\",\"@id\":\"https:\/\/ortodontiapiraquara.com.br\/site\/#website\",\"url\":\"https:\/\/ortodontiapiraquara.com.br\/site\/\",\"name\":\"Seu dentista em Piraquara. Ortodontia Piraquara\",\"description\":\"Cl\u00ednica odontol\u00f3gica completa em Piraquara, com os melhores especialistas\",\"publisher\":{\"@id\":\"https:\/\/ortodontiapiraquara.com.br\/site\/#organization\"},\"potentialAction\":[{\"@type\":\"SearchAction\",\"target\":{\"@type\":\"EntryPoint\",\"urlTemplate\":\"https:\/\/ortodontiapiraquara.com.br\/site\/?s={search_term_string}\"},\"query-input\":{\"@type\":\"PropertyValueSpecification\",\"valueRequired\":true,\"valueName\":\"search_term_string\"}}],\"inLanguage\":\"pt-BR\"},{\"@type\":\"Organization\",\"@id\":\"https:\/\/ortodontiapiraquara.com.br\/site\/#organization\",\"name\":\"Seu dentista em Piraquara. Ortodontia Piraquara\",\"url\":\"https:\/\/ortodontiapiraquara.com.br\/site\/\",\"logo\":{\"@type\":\"ImageObject\",\"inLanguage\":\"pt-BR\",\"@id\":\"https:\/\/ortodontiapiraquara.com.br\/site\/#\/schema\/logo\/image\/\",\"url\":\"https:\/\/ortodontiapiraquara.com.br\/site\/wp-content\/uploads\/2020\/01\/logo-ortodontia-piraquara.png\",\"contentUrl\":\"https:\/\/ortodontiapiraquara.com.br\/site\/wp-content\/uploads\/2020\/01\/logo-ortodontia-piraquara.png\",\"width\":300,\"height\":71,\"caption\":\"Seu dentista em Piraquara. Ortodontia Piraquara\"},\"image\":{\"@id\":\"https:\/\/ortodontiapiraquara.com.br\/site\/#\/schema\/logo\/image\/\"},\"sameAs\":[\"https:\/\/www.facebook.com\/ortodontiapiraquara\",\"https:\/\/www.instagram.com\/ortodontia.piraquara\/\"]}]}<\/script>\n<!-- \/ Yoast SEO plugin. -->","yoast_head_json":{"title":"A Cl\u00ednica","description":"Cl\u00ednica odontol\u00f3gica completa em Piraquara, com os melhores especialistas","robots":{"index":"index","follow":"follow","max-snippet":"max-snippet:-1","max-image-preview":"max-image-preview:large","max-video-preview":"max-video-preview:-1"},"canonical":"https:\/\/ortodontiapiraquara.com.br\/site\/a-clinica\/","og_locale":"pt_BR","og_type":"article","og_title":"A Cl\u00ednica","og_description":"Cl\u00ednica odontol\u00f3gica completa em Piraquara, com os melhores especialistas","og_url":"https:\/\/ortodontiapiraquara.com.br\/site\/a-clinica\/","og_site_name":"Seu dentista em Piraquara: Ortodontia Piraquara","article_publisher":"https:\/\/www.facebook.com\/ortodontiapiraquara","article_modified_time":"2024-06-21T15:14:21+00:00","og_image":[{"url":"http:\/\/ortodontiapiraquara.com.br\/site\/wp-content\/uploads\/2020\/01\/IMG_2811-1024x683.jpg","type":"","width":"","height":""}],"twitter_card":"summary_large_image","twitter_misc":{"Est. tempo de leitura":"1 minuto"},"schema":{"@context":"https:\/\/schema.org","@graph":[{"@type":"WebPage","@id":"https:\/\/ortodontiapiraquara.com.br\/site\/a-clinica\/","url":"https:\/\/ortodontiapiraquara.com.br\/site\/a-clinica\/","name":"A Cl\u00ednica","isPartOf":{"@id":"https:\/\/ortodontiapiraquara.com.br\/site\/#website"},"primaryImageOfPage":{"@id":"https:\/\/ortodontiapiraquara.com.br\/site\/a-clinica\/#primaryimage"},"image":{"@id":"https:\/\/ortodontiapiraquara.com.br\/site\/a-clinica\/#primaryimage"},"thumbnailUrl":"http:\/\/ortodontiapiraquara.com.br\/site\/wp-content\/uploads\/2020\/01\/IMG_2811-1024x683.jpg","datePublished":"2020-01-27T18:25:20+00:00","dateModified":"2024-06-21T15:14:21+00:00","description":"Cl\u00ednica odontol\u00f3gica completa em Piraquara, com os melhores especialistas","breadcrumb":{"@id":"https:\/\/ortodontiapiraquara.com.br\/site\/a-clinica\/#breadcrumb"},"inLanguage":"pt-BR","potentialAction":[{"@type":"ReadAction","target":["https:\/\/ortodontiapiraquara.com.br\/site\/a-clinica\/"]}]},{"@type":"ImageObject","inLanguage":"pt-BR","@id":"https:\/\/ortodontiapiraquara.com.br\/site\/a-clinica\/#primaryimage","url":"https:\/\/ortodontiapiraquara.com.br\/site\/wp-content\/uploads\/2020\/01\/IMG_2811.jpg","contentUrl":"https:\/\/ortodontiapiraquara.com.br\/site\/wp-content\/uploads\/2020\/01\/IMG_2811.jpg","width":1200,"height":800},{"@type":"BreadcrumbList","@id":"https:\/\/ortodontiapiraquara.com.br\/site\/a-clinica\/#breadcrumb","itemListElement":[{"@type":"ListItem","position":1,"name":"In\u00edcio","item":"https:\/\/ortodontiapiraquara.com.br\/site\/"},{"@type":"ListItem","position":2,"name":"A Cl\u00ednica"}]},{"@type":"WebSite","@id":"https:\/\/ortodontiapiraquara.com.br\/site\/#website","url":"https:\/\/ortodontiapiraquara.com.br\/site\/","name":"Seu dentista em Piraquara. Ortodontia Piraquara","description":"Cl\u00ednica odontol\u00f3gica completa em Piraquara, com os melhores especialistas","publisher":{"@id":"https:\/\/ortodontiapiraquara.com.br\/site\/#organization"},"potentialAction":[{"@type":"SearchAction","target":{"@type":"EntryPoint","urlTemplate":"https:\/\/ortodontiapiraquara.com.br\/site\/?s={search_term_string}"},"query-input":{"@type":"PropertyValueSpecification","valueRequired":true,"valueName":"search_term_string"}}],"inLanguage":"pt-BR"},{"@type":"Organization","@id":"https:\/\/ortodontiapiraquara.com.br\/site\/#organization","name":"Seu dentista em Piraquara. Ortodontia Piraquara","url":"https:\/\/ortodontiapiraquara.com.br\/site\/","logo":{"@type":"ImageObject","inLanguage":"pt-BR","@id":"https:\/\/ortodontiapiraquara.com.br\/site\/#\/schema\/logo\/image\/","url":"https:\/\/ortodontiapiraquara.com.br\/site\/wp-content\/uploads\/2020\/01\/logo-ortodontia-piraquara.png","contentUrl":"https:\/\/ortodontiapiraquara.com.br\/site\/wp-content\/uploads\/2020\/01\/logo-ortodontia-piraquara.png","width":300,"height":71,"caption":"Seu dentista em Piraquara. Ortodontia Piraquara"},"image":{"@id":"https:\/\/ortodontiapiraquara.com.br\/site\/#\/schema\/logo\/image\/"},"sameAs":["https:\/\/www.facebook.com\/ortodontiapiraquara","https:\/\/www.instagram.com\/ortodontia.piraquara\/"]}]}},"amp_enabled":true,"_links":{"self":[{"href":"https:\/\/ortodontiapiraquara.com.br\/site\/wp-json\/wp\/v2\/pages\/91","targetHints":{"allow":["GET"]}}],"collection":[{"href":"https:\/\/ortodontiapiraquara.com.br\/site\/wp-json\/wp\/v2\/pages"}],"about":[{"href":"https:\/\/ortodontiapiraquara.com.br\/site\/wp-json\/wp\/v2\/types\/page"}],"author":[{"embeddable":true,"href":"https:\/\/ortodontiapiraquara.com.br\/site\/wp-json\/wp\/v2\/users\/1"}],"replies":[{"embeddable":true,"href":"https:\/\/ortodontiapiraquara.com.br\/site\/wp-json\/wp\/v2\/comments?post=91"}],"version-history":[{"count":5,"href":"https:\/\/ortodontiapiraquara.com.br\/site\/wp-json\/wp\/v2\/pages\/91\/revisions"}],"predecessor-version":[{"id":161,"href":"https:\/\/ortodontiapiraquara.com.br\/site\/wp-json\/wp\/v2\/pages\/91\/revisions\/161"}],"wp:attachment":[{"href":"https:\/\/ortodontiapiraquara.com.br\/site\/wp-json\/wp\/v2\/media?parent=91"}],"curies":[{"name":"wp","href":"https:\/\/api.w.org\/{rel}","templated":true}]}}