{"id":597,"date":"2024-05-09T17:13:35","date_gmt":"2024-05-09T20:13:35","guid":{"rendered":"https:\/\/ortodontiapiraquara.com.br\/site\/?page_id=597"},"modified":"2025-06-18T10:54:24","modified_gmt":"2025-06-18T13:54:24","slug":"tratamento-de-canal-em-piraquara","status":"publish","type":"page","link":"https:\/\/ortodontiapiraquara.com.br\/site\/tratamento-de-canal-em-piraquara\/","title":{"rendered":"Tratamento de Canal em Piraquara"},"content":{"rendered":"\n<h2 class=\"wp-block-heading\"><br><strong>Tratamento de Canal por Especialistas &#8211; Cl\u00ednica Ortodontia Piraquara<\/strong><\/h2>\n\n\n\n<h3 class=\"wp-block-heading\"><strong>Precisa de um tratamento de canal em<\/strong> <strong>Piraquara? <\/strong><\/h3>\n\n\n\n<figure class=\"wp-block-image size-full\"><img decoding=\"async\" width=\"764\" height=\"476\" data-src=\"https:\/\/ortodontiapiraquara.com.br\/site\/wp-content\/uploads\/2024\/05\/tratamento-canal-piraquara.jpg\" alt=\"\" class=\"wp-image-652 lazyload\" data-srcset=\"https:\/\/ortodontiapiraquara.com.br\/site\/wp-content\/uploads\/2024\/05\/tratamento-canal-piraquara.jpg 764w, https:\/\/ortodontiapiraquara.com.br\/site\/wp-content\/uploads\/2024\/05\/tratamento-canal-piraquara-300x187.jpg 300w\" data-sizes=\"(max-width: 764px) 100vw, 764px\" src=\"data:image\/gif;base64,R0lGODlhAQABAAAAACH5BAEKAAEALAAAAAABAAEAAAICTAEAOw==\" style=\"--smush-placeholder-width: 764px; --smush-placeholder-aspect-ratio: 764\/476;\" \/><figcaption class=\"wp-element-caption\">Tratamento de Canal: Ortodontia Piraquara<\/figcaption><\/figure>\n\n\n\n<p>Piraquara conta desde 2013 com a cl\u00ednica Ortodontia Piraquara, no centro da cidade, prestando servi\u00e7os de alta qualidade para cuidar e restaurar a sa\u00fade do sorriso de centenas de peossoas na cidade. A cl\u00ednica \u00e9 refer\u00eancia em qualidade e conta com especialista em tratamento de canal (endodontia).<\/p>\n\n\n\n<div class=\"wp-block-buttons is-layout-flex wp-block-buttons-is-layout-flex\">\n<div class=\"wp-block-button has-custom-width wp-block-button__width-75 is-style-fill\"><a class=\"wp-block-button__link has-background has-normal-font-size has-custom-font-size wp-element-button\" href=\"https:\/\/web.whatsapp.com\/send?phone=5541996357618&amp;text=Ol%C3%A1!%20Gostaria%20de%20uma%20consulta%20para%20tratamento%20de%20canal\" style=\"background-color:#5892bc\">Agende uma consulta aqui<\/a><\/div>\n<\/div>\n\n\n\n<h2 class=\"wp-block-heading\">O<strong> que \u00e9 o Tratamento de Canal<\/strong><\/h2>\n\n\n\n<p>O tratamento de canal, tamb\u00e9m conhecido como endodontia, \u00e9 um procedimento odontol\u00f3gico que visa salvar um dente que est\u00e1 infectado ou danificado na polpa dent\u00e1ria. Durante o procedimento, a polpa infectada \u00e9 removida, o canal \u00e9 limpo e, em seguida, selado para evitar futuras infec\u00e7\u00f5es.<\/p>\n\n\n\n<h2 class=\"wp-block-heading\">Como escolher um dentista para tratamento de canal em Piraquara<\/h2>\n\n\n\n<p>Para escolher uma cl\u00ednica para tratamento de canal:<\/p>\n\n\n\n<ol class=\"wp-block-list\">\n<li>Verifique a reputa\u00e7\u00e3o e credibilidade da cl\u00ednica.<\/li>\n\n\n\n<li>Certifique-se de que haja especialistas em endodontia.<\/li>\n\n\n\n<li>Conhe\u00e7a a cl\u00ednica pessoalmente para conhecer o atendimento<\/li>\n\n\n\n<li>Confira se a cl\u00ednica possui tecnologia e equipamentos modernos.<\/li>\n\n\n\n<li>Tire todas suas d\u00favidas sobre o tratamento em uma consulta inicial. <\/li>\n<\/ol>\n\n\n\n<p>Na Cl\u00ednica Ortodontia Piraquara, a especialista em endodontia tem vasta experi\u00eancia em tratamento de canal bem-sucedidos. Utilizamos a tecnologia a favor dos pacientes, sempre em busca de resultados eficazes e confort\u00e1veis para nossos pacientes.<\/p>\n\n\n\n<div class=\"wp-block-buttons is-layout-flex wp-block-buttons-is-layout-flex\">\n<div class=\"wp-block-button has-custom-width wp-block-button__width-75 is-style-fill\"><a class=\"wp-block-button__link has-background has-normal-font-size has-custom-font-size wp-element-button\" href=\"https:\/\/web.whatsapp.com\/send?phone=5541996357618&amp;text=Ol%C3%A1!%20Gostaria%20de%20uma%20consulta%20para%20tratamento%20de%20canal\" style=\"background-color:#5892bc\">Agende uma consulta aqui<\/a><\/div>\n<\/div>\n\n\n\n<h2 class=\"wp-block-heading\">Como saber se preciso tratar o canal do dente?<\/h2>\n\n\n\n<p>Buscar tratamento de canal \u00e9 necess\u00e1rio quando h\u00e1 sinais de problemas na polpa dent\u00e1ria, como dor persistente, sensibilidade extrema ao calor\/frio, incha\u00e7o na gengiva, escurecimento do dente ou dor que irradia para outras \u00e1reas. Consulte um dentista de confian\u00e7a se apresentar esses sintomas para avalia\u00e7\u00e3o e poss\u00edvel tratamento. O dentista pode avaliar sua condi\u00e7\u00e3o e determinar se um tratamento de canal \u00e9 necess\u00e1rio para salvar o dente e aliviar a dor e o desconforto associados. N\u00e3o ignore sinais de problemas dent\u00e1rios, pois o tratamento precoce pode ajudar a evitar complica\u00e7\u00f5es mais graves.<\/p>\n\n\n\n<p>Em Piraquara, conte com a Ortodontia Piraquara: cl\u00ednica refer\u00eancia em qualidade na cidade. <\/p>\n\n\n\n<h2 class=\"wp-block-heading\"><strong>Depoimentos de Pacientes<\/strong> sobre a cl\u00ednica<\/h2>\n\n\n\n<figure class=\"wp-block-gallery has-nested-images columns-default is-cropped wp-block-gallery-1 is-layout-flex wp-block-gallery-is-layout-flex\">\n<figure class=\"wp-block-image size-large\"><img decoding=\"async\" width=\"1024\" height=\"982\" data-id=\"602\" data-src=\"https:\/\/ortodontiapiraquara.com.br\/site\/wp-content\/uploads\/2024\/05\/depoimento-3-1024x982.jpg\" alt=\"\" class=\"wp-image-602 lazyload\" data-srcset=\"https:\/\/ortodontiapiraquara.com.br\/site\/wp-content\/uploads\/2024\/05\/depoimento-3-1024x982.jpg 1024w, https:\/\/ortodontiapiraquara.com.br\/site\/wp-content\/uploads\/2024\/05\/depoimento-3-300x288.jpg 300w, https:\/\/ortodontiapiraquara.com.br\/site\/wp-content\/uploads\/2024\/05\/depoimento-3-768x736.jpg 768w, https:\/\/ortodontiapiraquara.com.br\/site\/wp-content\/uploads\/2024\/05\/depoimento-3.jpg 1242w\" data-sizes=\"(max-width: 1024px) 100vw, 1024px\" src=\"data:image\/gif;base64,R0lGODlhAQABAAAAACH5BAEKAAEALAAAAAABAAEAAAICTAEAOw==\" style=\"--smush-placeholder-width: 1024px; --smush-placeholder-aspect-ratio: 1024\/982;\" \/><\/figure>\n\n\n\n<figure class=\"wp-block-image size-large\"><img decoding=\"async\" width=\"1024\" height=\"1024\" data-id=\"600\" data-src=\"https:\/\/ortodontiapiraquara.com.br\/site\/wp-content\/uploads\/2024\/05\/depoimento-4-1024x1024.jpg\" alt=\"\" class=\"wp-image-600 lazyload\" data-srcset=\"https:\/\/ortodontiapiraquara.com.br\/site\/wp-content\/uploads\/2024\/05\/depoimento-4-1024x1024.jpg 1024w, https:\/\/ortodontiapiraquara.com.br\/site\/wp-content\/uploads\/2024\/05\/depoimento-4-300x300.jpg 300w, https:\/\/ortodontiapiraquara.com.br\/site\/wp-content\/uploads\/2024\/05\/depoimento-4-150x150.jpg 150w, https:\/\/ortodontiapiraquara.com.br\/site\/wp-content\/uploads\/2024\/05\/depoimento-4-768x769.jpg 768w, https:\/\/ortodontiapiraquara.com.br\/site\/wp-content\/uploads\/2024\/05\/depoimento-4-100x100.jpg 100w, https:\/\/ortodontiapiraquara.com.br\/site\/wp-content\/uploads\/2024\/05\/depoimento-4-60x60.jpg 60w, https:\/\/ortodontiapiraquara.com.br\/site\/wp-content\/uploads\/2024\/05\/depoimento-4.jpg 1242w\" data-sizes=\"(max-width: 1024px) 100vw, 1024px\" src=\"data:image\/gif;base64,R0lGODlhAQABAAAAACH5BAEKAAEALAAAAAABAAEAAAICTAEAOw==\" style=\"--smush-placeholder-width: 1024px; --smush-placeholder-aspect-ratio: 1024\/1024;\" \/><\/figure>\n\n\n\n<figure data-wp-context=\"{&quot;imageId&quot;:&quot;69f0e6710a816&quot;}\" data-wp-interactive=\"core\/image\" data-wp-key=\"69f0e6710a816\" class=\"wp-block-image size-large wp-lightbox-container\"><img decoding=\"async\" width=\"1024\" height=\"1024\" data-wp-class--hide=\"state.isContentHidden\" data-wp-class--show=\"state.isContentVisible\" data-wp-init=\"callbacks.setButtonStyles\" data-wp-on--click=\"actions.showLightbox\" data-wp-on--load=\"callbacks.setButtonStyles\" data-wp-on-window--resize=\"callbacks.setButtonStyles\" data-id=\"601\" data-src=\"https:\/\/ortodontiapiraquara.com.br\/site\/wp-content\/uploads\/2024\/05\/depoimento-1-1024x1024.jpg\" alt=\"\" class=\"wp-image-601 lazyload\" data-srcset=\"https:\/\/ortodontiapiraquara.com.br\/site\/wp-content\/uploads\/2024\/05\/depoimento-1-1024x1024.jpg 1024w, https:\/\/ortodontiapiraquara.com.br\/site\/wp-content\/uploads\/2024\/05\/depoimento-1-300x300.jpg 300w, https:\/\/ortodontiapiraquara.com.br\/site\/wp-content\/uploads\/2024\/05\/depoimento-1-150x150.jpg 150w, https:\/\/ortodontiapiraquara.com.br\/site\/wp-content\/uploads\/2024\/05\/depoimento-1-768x769.jpg 768w, https:\/\/ortodontiapiraquara.com.br\/site\/wp-content\/uploads\/2024\/05\/depoimento-1-100x100.jpg 100w, https:\/\/ortodontiapiraquara.com.br\/site\/wp-content\/uploads\/2024\/05\/depoimento-1-60x60.jpg 60w, https:\/\/ortodontiapiraquara.com.br\/site\/wp-content\/uploads\/2024\/05\/depoimento-1.jpg 1242w\" data-sizes=\"(max-width: 1024px) 100vw, 1024px\" src=\"data:image\/gif;base64,R0lGODlhAQABAAAAACH5BAEKAAEALAAAAAABAAEAAAICTAEAOw==\" style=\"--smush-placeholder-width: 1024px; --smush-placeholder-aspect-ratio: 1024\/1024;\" \/><button\n\t\t\tclass=\"lightbox-trigger\"\n\t\t\ttype=\"button\"\n\t\t\taria-haspopup=\"dialog\"\n\t\t\taria-label=\"Ampliar\"\n\t\t\tdata-wp-init=\"callbacks.initTriggerButton\"\n\t\t\tdata-wp-on--click=\"actions.showLightbox\"\n\t\t\tdata-wp-style--right=\"state.imageButtonRight\"\n\t\t\tdata-wp-style--top=\"state.imageButtonTop\"\n\t\t>\n\t\t\t<svg xmlns=\"http:\/\/www.w3.org\/2000\/svg\" width=\"12\" height=\"12\" fill=\"none\" viewBox=\"0 0 12 12\">\n\t\t\t\t<path fill=\"#fff\" d=\"M2 0a2 2 0 0 0-2 2v2h1.5V2a.5.5 0 0 1 .5-.5h2V0H2Zm2 10.5H2a.5.5 0 0 1-.5-.5V8H0v2a2 2 0 0 0 2 2h2v-1.5ZM8 12v-1.5h2a.5.5 0 0 0 .5-.5V8H12v2a2 2 0 0 1-2 2H8Zm2-12a2 2 0 0 1 2 2v2h-1.5V2a.5.5 0 0 0-.5-.5H8V0h2Z\" \/>\n\t\t\t<\/svg>\n\t\t<\/button><\/figure>\n<\/figure>\n\n\n\n<div class=\"wp-block-buttons is-layout-flex wp-block-buttons-is-layout-flex\">\n<div class=\"wp-block-button has-custom-width wp-block-button__width-75 is-style-fill\"><a class=\"wp-block-button__link has-background has-normal-font-size has-custom-font-size wp-element-button\" href=\"https:\/\/web.whatsapp.com\/send?phone=5541996357618&amp;text=Ol%C3%A1!%20Gostaria%20de%20uma%20consulta%20para%20tratamento%20de%20canal\" style=\"background-color:#5892bc\">Agende uma consulta aqui<\/a><\/div>\n<\/div>\n\n\n\n<h2 class=\"wp-block-heading\">Ortodontia Piraquara<\/h2>\n\n\n\n<p>Av. Get\u00falio Vargas, 90 \u2013 Sala 1 \u2013 Piraquara.<br>Maps:&nbsp;<a href=\"https:\/\/g.page\/ortodontiapiraquara?share\">https:\/\/g.page\/ortodontiapiraquara<\/a><br>Telefone: (41) 3673-7448<br>Whatsapp:&nbsp;<a href=\"http:\/\/bit.ly\/2JMcPfG\">(41) 99635-7618<\/a><br>Facebook:&nbsp;<a href=\"https:\/\/www.facebook.com\/ortodontiapiraquara\">\/ortodontiapiraquara<\/a><br>Instagram:&nbsp;<a href=\"https:\/\/www.instagram.com\/ortodontia.piraquara\/\">@ortodontia.piraquara<\/a><\/p>\n","protected":false},"excerpt":{"rendered":"<p>Tratamento de Canal por Especialistas &#8211; Cl\u00ednica Ortodontia Piraquara Precisa de um tratamento de canal em Piraquara? Piraquara conta desde &hellip; <a href=\"https:\/\/ortodontiapiraquara.com.br\/site\/tratamento-de-canal-em-piraquara\/\" class=\"more-link\"><span class=\"more-button\">Leia mais&#8230;<span class=\"screen-reader-text\">Tratamento de Canal em Piraquara<\/span><\/span><\/a><\/p>\n","protected":false},"author":1,"featured_media":0,"parent":0,"menu_order":0,"comment_status":"closed","ping_status":"closed","template":"","meta":{"footnotes":""},"class_list":["post-597","page","type-page","status-publish","hentry"],"yoast_head":"<!-- This site is optimized with the Yoast SEO plugin v27.2 - https:\/\/yoast.com\/product\/yoast-seo-wordpress\/ -->\n<title>Tratamento de Canal em Piraquara<\/title>\n<meta name=\"description\" content=\"Cl\u00ednica odontol\u00f3gica completa em Piraquara, com os melhores especialistas\" \/>\n<meta name=\"robots\" content=\"index, follow, max-snippet:-1, max-image-preview:large, max-video-preview:-1\" \/>\n<link rel=\"canonical\" href=\"https:\/\/ortodontiapiraquara.com.br\/site\/tratamento-de-canal-em-piraquara\/\" \/>\n<meta property=\"og:locale\" content=\"pt_BR\" \/>\n<meta property=\"og:type\" content=\"article\" \/>\n<meta property=\"og:title\" content=\"Tratamento de Canal em Piraquara\" \/>\n<meta property=\"og:description\" content=\"Cl\u00ednica odontol\u00f3gica completa em Piraquara, com os melhores especialistas\" \/>\n<meta property=\"og:url\" content=\"https:\/\/ortodontiapiraquara.com.br\/site\/tratamento-de-canal-em-piraquara\/\" \/>\n<meta property=\"og:site_name\" content=\"Seu dentista em Piraquara: Ortodontia Piraquara\" \/>\n<meta property=\"article:publisher\" content=\"https:\/\/www.facebook.com\/ortodontiapiraquara\" \/>\n<meta property=\"article:modified_time\" content=\"2025-06-18T13:54:24+00:00\" \/>\n<meta property=\"og:image\" content=\"https:\/\/ortodontiapiraquara.com.br\/site\/wp-content\/uploads\/2024\/05\/tratamento-canal-piraquara.jpg\" \/>\n<meta name=\"twitter:card\" content=\"summary_large_image\" \/>\n<meta name=\"twitter:label1\" content=\"Est. tempo de leitura\" \/>\n\t<meta name=\"twitter:data1\" content=\"3 minutos\" \/>\n<script type=\"application\/ld+json\" class=\"yoast-schema-graph\">{\"@context\":\"https:\/\/schema.org\",\"@graph\":[{\"@type\":\"WebPage\",\"@id\":\"https:\/\/ortodontiapiraquara.com.br\/site\/tratamento-de-canal-em-piraquara\/\",\"url\":\"https:\/\/ortodontiapiraquara.com.br\/site\/tratamento-de-canal-em-piraquara\/\",\"name\":\"Tratamento de Canal em Piraquara\",\"isPartOf\":{\"@id\":\"https:\/\/ortodontiapiraquara.com.br\/site\/#website\"},\"primaryImageOfPage\":{\"@id\":\"https:\/\/ortodontiapiraquara.com.br\/site\/tratamento-de-canal-em-piraquara\/#primaryimage\"},\"image\":{\"@id\":\"https:\/\/ortodontiapiraquara.com.br\/site\/tratamento-de-canal-em-piraquara\/#primaryimage\"},\"thumbnailUrl\":\"https:\/\/ortodontiapiraquara.com.br\/site\/wp-content\/uploads\/2024\/05\/tratamento-canal-piraquara.jpg\",\"datePublished\":\"2024-05-09T20:13:35+00:00\",\"dateModified\":\"2025-06-18T13:54:24+00:00\",\"description\":\"Cl\u00ednica odontol\u00f3gica completa em Piraquara, com os melhores especialistas\",\"breadcrumb\":{\"@id\":\"https:\/\/ortodontiapiraquara.com.br\/site\/tratamento-de-canal-em-piraquara\/#breadcrumb\"},\"inLanguage\":\"pt-BR\",\"potentialAction\":[{\"@type\":\"ReadAction\",\"target\":[\"https:\/\/ortodontiapiraquara.com.br\/site\/tratamento-de-canal-em-piraquara\/\"]}]},{\"@type\":\"ImageObject\",\"inLanguage\":\"pt-BR\",\"@id\":\"https:\/\/ortodontiapiraquara.com.br\/site\/tratamento-de-canal-em-piraquara\/#primaryimage\",\"url\":\"https:\/\/ortodontiapiraquara.com.br\/site\/wp-content\/uploads\/2024\/05\/tratamento-canal-piraquara.jpg\",\"contentUrl\":\"https:\/\/ortodontiapiraquara.com.br\/site\/wp-content\/uploads\/2024\/05\/tratamento-canal-piraquara.jpg\",\"width\":764,\"height\":476,\"caption\":\"Root Canal Treatment: How Painful is It?\"},{\"@type\":\"BreadcrumbList\",\"@id\":\"https:\/\/ortodontiapiraquara.com.br\/site\/tratamento-de-canal-em-piraquara\/#breadcrumb\",\"itemListElement\":[{\"@type\":\"ListItem\",\"position\":1,\"name\":\"In\u00edcio\",\"item\":\"https:\/\/ortodontiapiraquara.com.br\/site\/\"},{\"@type\":\"ListItem\",\"position\":2,\"name\":\"Tratamento de Canal em Piraquara\"}]},{\"@type\":\"WebSite\",\"@id\":\"https:\/\/ortodontiapiraquara.com.br\/site\/#website\",\"url\":\"https:\/\/ortodontiapiraquara.com.br\/site\/\",\"name\":\"Seu dentista em Piraquara. Ortodontia Piraquara\",\"description\":\"Cl\u00ednica odontol\u00f3gica completa em Piraquara, com os melhores especialistas\",\"publisher\":{\"@id\":\"https:\/\/ortodontiapiraquara.com.br\/site\/#organization\"},\"potentialAction\":[{\"@type\":\"SearchAction\",\"target\":{\"@type\":\"EntryPoint\",\"urlTemplate\":\"https:\/\/ortodontiapiraquara.com.br\/site\/?s={search_term_string}\"},\"query-input\":{\"@type\":\"PropertyValueSpecification\",\"valueRequired\":true,\"valueName\":\"search_term_string\"}}],\"inLanguage\":\"pt-BR\"},{\"@type\":\"Organization\",\"@id\":\"https:\/\/ortodontiapiraquara.com.br\/site\/#organization\",\"name\":\"Seu dentista em Piraquara. Ortodontia Piraquara\",\"url\":\"https:\/\/ortodontiapiraquara.com.br\/site\/\",\"logo\":{\"@type\":\"ImageObject\",\"inLanguage\":\"pt-BR\",\"@id\":\"https:\/\/ortodontiapiraquara.com.br\/site\/#\/schema\/logo\/image\/\",\"url\":\"https:\/\/ortodontiapiraquara.com.br\/site\/wp-content\/uploads\/2020\/01\/logo-ortodontia-piraquara.png\",\"contentUrl\":\"https:\/\/ortodontiapiraquara.com.br\/site\/wp-content\/uploads\/2020\/01\/logo-ortodontia-piraquara.png\",\"width\":300,\"height\":71,\"caption\":\"Seu dentista em Piraquara. Ortodontia Piraquara\"},\"image\":{\"@id\":\"https:\/\/ortodontiapiraquara.com.br\/site\/#\/schema\/logo\/image\/\"},\"sameAs\":[\"https:\/\/www.facebook.com\/ortodontiapiraquara\",\"https:\/\/www.instagram.com\/ortodontia.piraquara\/\"]}]}<\/script>\n<!-- \/ Yoast SEO plugin. -->","yoast_head_json":{"title":"Tratamento de Canal em Piraquara","description":"Cl\u00ednica odontol\u00f3gica completa em Piraquara, com os melhores especialistas","robots":{"index":"index","follow":"follow","max-snippet":"max-snippet:-1","max-image-preview":"max-image-preview:large","max-video-preview":"max-video-preview:-1"},"canonical":"https:\/\/ortodontiapiraquara.com.br\/site\/tratamento-de-canal-em-piraquara\/","og_locale":"pt_BR","og_type":"article","og_title":"Tratamento de Canal em Piraquara","og_description":"Cl\u00ednica odontol\u00f3gica completa em Piraquara, com os melhores especialistas","og_url":"https:\/\/ortodontiapiraquara.com.br\/site\/tratamento-de-canal-em-piraquara\/","og_site_name":"Seu dentista em Piraquara: Ortodontia Piraquara","article_publisher":"https:\/\/www.facebook.com\/ortodontiapiraquara","article_modified_time":"2025-06-18T13:54:24+00:00","og_image":[{"url":"https:\/\/ortodontiapiraquara.com.br\/site\/wp-content\/uploads\/2024\/05\/tratamento-canal-piraquara.jpg","type":"","width":"","height":""}],"twitter_card":"summary_large_image","twitter_misc":{"Est. tempo de leitura":"3 minutos"},"schema":{"@context":"https:\/\/schema.org","@graph":[{"@type":"WebPage","@id":"https:\/\/ortodontiapiraquara.com.br\/site\/tratamento-de-canal-em-piraquara\/","url":"https:\/\/ortodontiapiraquara.com.br\/site\/tratamento-de-canal-em-piraquara\/","name":"Tratamento de Canal em Piraquara","isPartOf":{"@id":"https:\/\/ortodontiapiraquara.com.br\/site\/#website"},"primaryImageOfPage":{"@id":"https:\/\/ortodontiapiraquara.com.br\/site\/tratamento-de-canal-em-piraquara\/#primaryimage"},"image":{"@id":"https:\/\/ortodontiapiraquara.com.br\/site\/tratamento-de-canal-em-piraquara\/#primaryimage"},"thumbnailUrl":"https:\/\/ortodontiapiraquara.com.br\/site\/wp-content\/uploads\/2024\/05\/tratamento-canal-piraquara.jpg","datePublished":"2024-05-09T20:13:35+00:00","dateModified":"2025-06-18T13:54:24+00:00","description":"Cl\u00ednica odontol\u00f3gica completa em Piraquara, com os melhores especialistas","breadcrumb":{"@id":"https:\/\/ortodontiapiraquara.com.br\/site\/tratamento-de-canal-em-piraquara\/#breadcrumb"},"inLanguage":"pt-BR","potentialAction":[{"@type":"ReadAction","target":["https:\/\/ortodontiapiraquara.com.br\/site\/tratamento-de-canal-em-piraquara\/"]}]},{"@type":"ImageObject","inLanguage":"pt-BR","@id":"https:\/\/ortodontiapiraquara.com.br\/site\/tratamento-de-canal-em-piraquara\/#primaryimage","url":"https:\/\/ortodontiapiraquara.com.br\/site\/wp-content\/uploads\/2024\/05\/tratamento-canal-piraquara.jpg","contentUrl":"https:\/\/ortodontiapiraquara.com.br\/site\/wp-content\/uploads\/2024\/05\/tratamento-canal-piraquara.jpg","width":764,"height":476,"caption":"Root Canal Treatment: How Painful is It?"},{"@type":"BreadcrumbList","@id":"https:\/\/ortodontiapiraquara.com.br\/site\/tratamento-de-canal-em-piraquara\/#breadcrumb","itemListElement":[{"@type":"ListItem","position":1,"name":"In\u00edcio","item":"https:\/\/ortodontiapiraquara.com.br\/site\/"},{"@type":"ListItem","position":2,"name":"Tratamento de Canal em Piraquara"}]},{"@type":"WebSite","@id":"https:\/\/ortodontiapiraquara.com.br\/site\/#website","url":"https:\/\/ortodontiapiraquara.com.br\/site\/","name":"Seu dentista em Piraquara. Ortodontia Piraquara","description":"Cl\u00ednica odontol\u00f3gica completa em Piraquara, com os melhores especialistas","publisher":{"@id":"https:\/\/ortodontiapiraquara.com.br\/site\/#organization"},"potentialAction":[{"@type":"SearchAction","target":{"@type":"EntryPoint","urlTemplate":"https:\/\/ortodontiapiraquara.com.br\/site\/?s={search_term_string}"},"query-input":{"@type":"PropertyValueSpecification","valueRequired":true,"valueName":"search_term_string"}}],"inLanguage":"pt-BR"},{"@type":"Organization","@id":"https:\/\/ortodontiapiraquara.com.br\/site\/#organization","name":"Seu dentista em Piraquara. Ortodontia Piraquara","url":"https:\/\/ortodontiapiraquara.com.br\/site\/","logo":{"@type":"ImageObject","inLanguage":"pt-BR","@id":"https:\/\/ortodontiapiraquara.com.br\/site\/#\/schema\/logo\/image\/","url":"https:\/\/ortodontiapiraquara.com.br\/site\/wp-content\/uploads\/2020\/01\/logo-ortodontia-piraquara.png","contentUrl":"https:\/\/ortodontiapiraquara.com.br\/site\/wp-content\/uploads\/2020\/01\/logo-ortodontia-piraquara.png","width":300,"height":71,"caption":"Seu dentista em Piraquara. Ortodontia Piraquara"},"image":{"@id":"https:\/\/ortodontiapiraquara.com.br\/site\/#\/schema\/logo\/image\/"},"sameAs":["https:\/\/www.facebook.com\/ortodontiapiraquara","https:\/\/www.instagram.com\/ortodontia.piraquara\/"]}]}},"amp_enabled":true,"_links":{"self":[{"href":"https:\/\/ortodontiapiraquara.com.br\/site\/wp-json\/wp\/v2\/pages\/597","targetHints":{"allow":["GET"]}}],"collection":[{"href":"https:\/\/ortodontiapiraquara.com.br\/site\/wp-json\/wp\/v2\/pages"}],"about":[{"href":"https:\/\/ortodontiapiraquara.com.br\/site\/wp-json\/wp\/v2\/types\/page"}],"author":[{"embeddable":true,"href":"https:\/\/ortodontiapiraquara.com.br\/site\/wp-json\/wp\/v2\/users\/1"}],"replies":[{"embeddable":true,"href":"https:\/\/ortodontiapiraquara.com.br\/site\/wp-json\/wp\/v2\/comments?post=597"}],"version-history":[{"count":3,"href":"https:\/\/ortodontiapiraquara.com.br\/site\/wp-json\/wp\/v2\/pages\/597\/revisions"}],"predecessor-version":[{"id":895,"href":"https:\/\/ortodontiapiraquara.com.br\/site\/wp-json\/wp\/v2\/pages\/597\/revisions\/895"}],"wp:attachment":[{"href":"https:\/\/ortodontiapiraquara.com.br\/site\/wp-json\/wp\/v2\/media?parent=597"}],"curies":[{"name":"wp","href":"https:\/\/api.w.org\/{rel}","templated":true}]}}