{"id":594,"date":"2024-05-09T16:37:00","date_gmt":"2024-05-09T19:37:00","guid":{"rendered":"https:\/\/ortodontiapiraquara.com.br\/site\/?page_id=594"},"modified":"2024-05-16T16:49:32","modified_gmt":"2024-05-16T19:49:32","slug":"clareamento-dental-em-piraquara","status":"publish","type":"page","link":"https:\/\/ortodontiapiraquara.com.br\/site\/clareamento-dental-em-piraquara\/","title":{"rendered":"Clareamento Dental em Piraquara"},"content":{"rendered":"\n<h1 class=\"wp-block-heading\"><strong>Clareamento dental: como chegar aos melhores resultados<\/strong><\/h1>\n\n\n\n<p>Se voc\u00ea est\u00e1 em busca de um sorriso mais brilhante e confiante, o clareamento dental pode ser a solu\u00e7\u00e3o para voc\u00ea. <\/p>\n\n\n<div class=\"wp-block-image\">\n<figure class=\"aligncenter size-full is-resized\"><img decoding=\"async\" width=\"1000\" height=\"676\" data-src=\"https:\/\/ortodontiapiraquara.com.br\/site\/wp-content\/uploads\/2024\/05\/clareamento-dental.jpeg\" alt=\"\" class=\"wp-image-635 lazyload\" style=\"--smush-placeholder-width: 1000px; --smush-placeholder-aspect-ratio: 1000\/676;width:346px;height:auto\" data-srcset=\"https:\/\/ortodontiapiraquara.com.br\/site\/wp-content\/uploads\/2024\/05\/clareamento-dental.jpeg 1000w, https:\/\/ortodontiapiraquara.com.br\/site\/wp-content\/uploads\/2024\/05\/clareamento-dental-300x203.jpeg 300w, https:\/\/ortodontiapiraquara.com.br\/site\/wp-content\/uploads\/2024\/05\/clareamento-dental-768x519.jpeg 768w\" data-sizes=\"(max-width: 1000px) 100vw, 1000px\" src=\"data:image\/gif;base64,R0lGODlhAQABAAAAACH5BAEKAAEALAAAAAABAAEAAAICTAEAOw==\" \/><\/figure>\n<\/div>\n\n\n<p>A cl\u00ednica Ortodontia Piraquara \u00e9 refer\u00eancia na cidade de Piraquara para tratamentos odontol\u00f3gicos com qualidade e seguran\u00e7a. A cl\u00ednica se compromete em cuidar por completo da sa\u00fade bucal de seus pacientes, incluindo a realiza\u00e7\u00e3o de procedimentos est\u00e9ticos como o Clareamento Dental. S\u00e3o oferecidas todas as t\u00e9cnicas dispon\u00edveis, como o clareamento em consult\u00f3rio, conhecido como clareamento a laser ou o clareamento caseiro supervisionado, garantindo uma abordagem personalizada para cada caso.<\/p>\n\n\n\n<h3 class=\"wp-block-heading\">Como iniciar o clareamento dental?<\/h3>\n\n\n\n<p>Durante a consulta inicial, realizamos uma avalia\u00e7\u00e3o detalhada para conhecer o paciente, entender suas expectativas e analisar as caracter\u00edsticas individuais de seus dentes. Com base nessa avalia\u00e7\u00e3o, podemos indicar o melhor tratamento para alcan\u00e7ar os resultados desejados, sempre priorizando a seguran\u00e7a e o bem-estar do paciente. Nosso objetivo neste tratamento \u00e9 proporcionar um sorriso mais branco e confiante, transformando a sua apar\u00eancia e elevando sua autoestima.<\/p>\n\n\n\n<figure class=\"wp-block-gallery has-nested-images columns-4 is-cropped wp-block-gallery-1 is-layout-flex wp-block-gallery-is-layout-flex\">\n<figure class=\"wp-block-image size-large\"><img decoding=\"async\" width=\"1024\" height=\"1024\" data-id=\"629\" data-src=\"https:\/\/ortodontiapiraquara.com.br\/site\/wp-content\/uploads\/2024\/05\/2-1024x1024.png\" alt=\"\" class=\"wp-image-629 lazyload\" data-srcset=\"https:\/\/ortodontiapiraquara.com.br\/site\/wp-content\/uploads\/2024\/05\/2-1024x1024.png 1024w, https:\/\/ortodontiapiraquara.com.br\/site\/wp-content\/uploads\/2024\/05\/2-300x300.png 300w, https:\/\/ortodontiapiraquara.com.br\/site\/wp-content\/uploads\/2024\/05\/2-150x150.png 150w, https:\/\/ortodontiapiraquara.com.br\/site\/wp-content\/uploads\/2024\/05\/2-768x768.png 768w, https:\/\/ortodontiapiraquara.com.br\/site\/wp-content\/uploads\/2024\/05\/2-100x100.png 100w, https:\/\/ortodontiapiraquara.com.br\/site\/wp-content\/uploads\/2024\/05\/2-60x60.png 60w, https:\/\/ortodontiapiraquara.com.br\/site\/wp-content\/uploads\/2024\/05\/2.png 1080w\" data-sizes=\"(max-width: 1024px) 100vw, 1024px\" src=\"data:image\/gif;base64,R0lGODlhAQABAAAAACH5BAEKAAEALAAAAAABAAEAAAICTAEAOw==\" style=\"--smush-placeholder-width: 1024px; --smush-placeholder-aspect-ratio: 1024\/1024;\" \/><figcaption class=\"wp-element-caption\">Clareamento dental Piraquara<\/figcaption><\/figure>\n\n\n\n<figure class=\"wp-block-image size-large\"><img decoding=\"async\" width=\"1024\" height=\"1024\" data-id=\"630\" data-src=\"https:\/\/ortodontiapiraquara.com.br\/site\/wp-content\/uploads\/2024\/05\/Maira-Cortez-clareamento-1024x1024.png\" alt=\"\" class=\"wp-image-630 lazyload\" data-srcset=\"https:\/\/ortodontiapiraquara.com.br\/site\/wp-content\/uploads\/2024\/05\/Maira-Cortez-clareamento-1024x1024.png 1024w, https:\/\/ortodontiapiraquara.com.br\/site\/wp-content\/uploads\/2024\/05\/Maira-Cortez-clareamento-300x300.png 300w, https:\/\/ortodontiapiraquara.com.br\/site\/wp-content\/uploads\/2024\/05\/Maira-Cortez-clareamento-150x150.png 150w, https:\/\/ortodontiapiraquara.com.br\/site\/wp-content\/uploads\/2024\/05\/Maira-Cortez-clareamento-768x768.png 768w, https:\/\/ortodontiapiraquara.com.br\/site\/wp-content\/uploads\/2024\/05\/Maira-Cortez-clareamento-100x100.png 100w, https:\/\/ortodontiapiraquara.com.br\/site\/wp-content\/uploads\/2024\/05\/Maira-Cortez-clareamento-60x60.png 60w, https:\/\/ortodontiapiraquara.com.br\/site\/wp-content\/uploads\/2024\/05\/Maira-Cortez-clareamento.png 1080w\" data-sizes=\"(max-width: 1024px) 100vw, 1024px\" src=\"data:image\/gif;base64,R0lGODlhAQABAAAAACH5BAEKAAEALAAAAAABAAEAAAICTAEAOw==\" style=\"--smush-placeholder-width: 1024px; --smush-placeholder-aspect-ratio: 1024\/1024;\" \/><figcaption class=\"wp-element-caption\">Clareamento dental Piraquara<\/figcaption><\/figure>\n\n\n\n<figure class=\"wp-block-image size-large\"><img decoding=\"async\" width=\"1024\" height=\"1024\" data-id=\"631\" data-src=\"https:\/\/ortodontiapiraquara.com.br\/site\/wp-content\/uploads\/2024\/05\/1-1024x1024.png\" alt=\"\" class=\"wp-image-631 lazyload\" data-srcset=\"https:\/\/ortodontiapiraquara.com.br\/site\/wp-content\/uploads\/2024\/05\/1-1024x1024.png 1024w, https:\/\/ortodontiapiraquara.com.br\/site\/wp-content\/uploads\/2024\/05\/1-300x300.png 300w, https:\/\/ortodontiapiraquara.com.br\/site\/wp-content\/uploads\/2024\/05\/1-150x150.png 150w, https:\/\/ortodontiapiraquara.com.br\/site\/wp-content\/uploads\/2024\/05\/1-768x768.png 768w, https:\/\/ortodontiapiraquara.com.br\/site\/wp-content\/uploads\/2024\/05\/1-100x100.png 100w, https:\/\/ortodontiapiraquara.com.br\/site\/wp-content\/uploads\/2024\/05\/1-60x60.png 60w, https:\/\/ortodontiapiraquara.com.br\/site\/wp-content\/uploads\/2024\/05\/1.png 1080w\" data-sizes=\"(max-width: 1024px) 100vw, 1024px\" src=\"data:image\/gif;base64,R0lGODlhAQABAAAAACH5BAEKAAEALAAAAAABAAEAAAICTAEAOw==\" style=\"--smush-placeholder-width: 1024px; --smush-placeholder-aspect-ratio: 1024\/1024;\" \/><figcaption class=\"wp-element-caption\">Clareamento dental Piraquara<\/figcaption><\/figure>\n\n\n\n<figure class=\"wp-block-image size-large\"><img decoding=\"async\" width=\"1024\" height=\"1024\" data-id=\"632\" data-src=\"https:\/\/ortodontiapiraquara.com.br\/site\/wp-content\/uploads\/2024\/05\/Gabriel-Cordeiro-Clareamento-1024x1024.png\" alt=\"\" class=\"wp-image-632 lazyload\" data-srcset=\"https:\/\/ortodontiapiraquara.com.br\/site\/wp-content\/uploads\/2024\/05\/Gabriel-Cordeiro-Clareamento-1024x1024.png 1024w, https:\/\/ortodontiapiraquara.com.br\/site\/wp-content\/uploads\/2024\/05\/Gabriel-Cordeiro-Clareamento-300x300.png 300w, https:\/\/ortodontiapiraquara.com.br\/site\/wp-content\/uploads\/2024\/05\/Gabriel-Cordeiro-Clareamento-150x150.png 150w, https:\/\/ortodontiapiraquara.com.br\/site\/wp-content\/uploads\/2024\/05\/Gabriel-Cordeiro-Clareamento-768x768.png 768w, https:\/\/ortodontiapiraquara.com.br\/site\/wp-content\/uploads\/2024\/05\/Gabriel-Cordeiro-Clareamento-100x100.png 100w, https:\/\/ortodontiapiraquara.com.br\/site\/wp-content\/uploads\/2024\/05\/Gabriel-Cordeiro-Clareamento-60x60.png 60w, https:\/\/ortodontiapiraquara.com.br\/site\/wp-content\/uploads\/2024\/05\/Gabriel-Cordeiro-Clareamento.png 1080w\" data-sizes=\"(max-width: 1024px) 100vw, 1024px\" src=\"data:image\/gif;base64,R0lGODlhAQABAAAAACH5BAEKAAEALAAAAAABAAEAAAICTAEAOw==\" style=\"--smush-placeholder-width: 1024px; --smush-placeholder-aspect-ratio: 1024\/1024;\" \/><figcaption class=\"wp-element-caption\">Clareamento dental Piraquara<\/figcaption><\/figure>\n<figcaption class=\"blocks-gallery-caption wp-element-caption\">Clareamento dental em Piraquara: Ortodontia Piraquara<\/figcaption><\/figure>\n\n\n\n<div class=\"wp-block-buttons is-content-justification-center is-layout-flex wp-container-core-buttons-is-layout-16018d1d wp-block-buttons-is-layout-flex\">\n<div class=\"wp-block-button has-custom-width wp-block-button__width-75 has-custom-font-size is-style-fill has-normal-font-size\"><a class=\"wp-block-button__link has-background wp-element-button\" href=\"https:\/\/api.whatsapp.com\/send?phone=5541996357618&amp;text=Ol%C3%A1!%20Gostaria%20de%20uma%20consulta%20para%20clareamento\" style=\"background-color:#6ca0d1\">agende aqui sua consulta<\/a><\/div>\n<\/div>\n\n\n\n<h2 class=\"wp-block-heading\"><strong>O que \u00e9 Clareamento Dental?<\/strong><\/h2>\n\n\n\n<p>O clareamento dental \u00e9 um procedimento est\u00e9tico que visa remover manchas e descolora\u00e7\u00f5es dos dentes, resultando em um sorriso mais branco e radiante. \u00c9 uma op\u00e7\u00e3o popular para aqueles que desejam melhorar sua apar\u00eancia e autoestima.<\/p>\n\n\n\n<h2 class=\"wp-block-heading\"><strong>Tipos de Clareamento Dental<\/strong><\/h2>\n\n\n\n<p>Existem dois principais tipos de clareamento dental: o clareamento em consult\u00f3rio (clareamento a laser) e o clareamento caseiro supervisionado.<\/p>\n\n\n\n<h3 class=\"wp-block-heading\"><strong>Clareamento Dental a Laser<\/strong><\/h3>\n\n\n\n<p>O clareamento dental a laser \u00e9 realizado no consult\u00f3rio odontol\u00f3gico e \u00e9 um procedimento r\u00e1pido e eficaz. O dentista aplica um gel especial nos dentes e utiliza um laser para ativar o produto, proporcionando resultados instant\u00e2neos. <\/p>\n\n\n\n<p>Apesar do nome Clareamento a Laser ter se popularizado, o laser n\u00e3o \u00e9 respons\u00e1vel pelo clareamento em si, mas sim pela ativa\u00e7\u00e3o do gel clareador. Durante o procedimento, um gel especial contendo per\u00f3xido de hidrog\u00eanio \u00e9 aplicado sobre os dentes. Este gel \u00e9 respons\u00e1vel por penetrar nas camadas externas dos dentes e quebrar as mol\u00e9culas de pigmenta\u00e7\u00e3o que causam as manchas. O per\u00f3xido de hidrog\u00eanio age como um agente clareador, removendo as manchas e deixando os dentes mais brancos.<\/p>\n\n\n\n<h3 class=\"wp-block-heading\"><strong>Clareamento Dental Caseiro<\/strong> Supervisionado<\/h3>\n\n\n\n<p>J\u00e1 o clareamento dental caseiro envolve o uso de bandejas de clareamento e um gel clareador fornecido pelo dentista. O paciente realiza o tratamento em casa, seguindo as instru\u00e7\u00f5es do profissional, durante um per\u00edodo determinado. O dentista monitora o progresso do tratamento: trata-se de um tratamento personalizado de acordo com as necessidades individuais do paciente. <\/p>\n\n\n\n<h2 class=\"wp-block-heading\"><strong>Vantagens do Clareamento Dental<\/strong><\/h2>\n\n\n\n<p>O clareamento dental oferece uma s\u00e9rie de vantagens, incluindo:<\/p>\n\n\n\n<ul class=\"wp-block-list\">\n<li><strong>Melhora da Apar\u00eancia:<\/strong> Um sorriso mais branco e radiante pode aumentar a confian\u00e7a e a autoestima do paciente.<\/li>\n\n\n\n<li><strong>Resultados R\u00e1pidos:<\/strong> Tanto o clareamento a laser como o caseiro proporcionam resultados r\u00e1pido, sendo o clareamento a laser com resultados instant\u00e2neos, enquanto o clareamento caseiro pode levar at\u00e9 algumas semanas para os melhores resultados.<\/li>\n\n\n\n<li><strong>Procedimento Seguro:<\/strong> Quando realizado por um dentista qualificado, o clareamento dental \u00e9 um procedimento seguro e eficaz.<\/li>\n<\/ul>\n\n\n\n<h2 class=\"wp-block-heading\"><strong>Clareamento Dental em Piraquara<\/strong><\/h2>\n\n\n\n<p>Se voc\u00ea est\u00e1 considerando fazer um clareamento dental em Piraquara, \u00e9 importante procurar uma cl\u00ednica qualificada, com bons dentistas. No centro da cidade existe uma op\u00e7\u00e3o segura, confi\u00e1vel e com centenas de refer\u00eancias de pacientes satisfeitos: a cl\u00ednica Ortodontia Piraquara. Em atua\u00e7\u00e3o desde 2013, a Ortodontia Piraquara est\u00e1 consolidada como refer\u00eancia de qualidade nos diversos tratamentos odontol\u00f3gicos que oferece no centro de Piraquara.<\/p>\n\n\n\n<p><strong>Como escolher seu dentista para clareamento dental<\/strong><\/p>\n\n\n\n<p>O tratamento do clareamento dental pode variar de acordo com os aspectos atuais do seu sorriso, a sua expectativa e o tipo de procedimento. \u00c9 importante sempre agendar uma consulta inicial no local onde pretende realizar o tratamento, para que o dentista avalie o seu sorriso, mas tamb\u00e9m para voc\u00ea conhecer bem a cl\u00ednica, tirar suas d\u00favidas e solicitar para ver outros casos realizados no local.<\/p>\n\n\n\n<div class=\"wp-block-buttons is-content-justification-center is-layout-flex wp-container-core-buttons-is-layout-16018d1d wp-block-buttons-is-layout-flex\">\n<div class=\"wp-block-button has-custom-width wp-block-button__width-75 has-custom-font-size is-style-fill has-normal-font-size\"><a class=\"wp-block-button__link has-background wp-element-button\" href=\"https:\/\/api.whatsapp.com\/send?phone=5541996357618&amp;text=Ol%C3%A1!%20Gostaria%20de%20uma%20consulta%20para%20clareamento\" style=\"background-color:#6ca0d1\">agende aqui sua consulta<\/a><\/div>\n<\/div>\n\n\n\n<h2 class=\"wp-block-heading\"><strong>Cuidados Ap\u00f3s o Clareamento<\/strong><\/h2>\n\n\n\n<p>Ap\u00f3s o clareamento dental, \u00e9 importante seguir as recomenda\u00e7\u00f5es que seu dentista dever\u00e1 te dar, para garantir que os resultados durem mais tempo. Isso inclui evitar alguns alimentos e manter uma boa higiene bucal.<\/p>\n\n\n\n<h2 class=\"wp-block-heading\"><strong>Mitos e Verdades sobre Clareamento Dental<\/strong><\/h2>\n\n\n\n<p>Existem muitos mitos em torno do clareamento dental. Alguns acreditam que o procedimento danifica o esmalte dos dentes, mas isso n\u00e3o \u00e9 verdade quando realizado corretamente por um profissional qualificado.<\/p>\n\n\n\n<div class=\"wp-block-buttons is-content-justification-center is-layout-flex wp-container-core-buttons-is-layout-16018d1d wp-block-buttons-is-layout-flex\">\n<div class=\"wp-block-button has-custom-width wp-block-button__width-75 has-custom-font-size is-style-fill has-normal-font-size\"><a class=\"wp-block-button__link has-background wp-element-button\" href=\"https:\/\/api.whatsapp.com\/send?phone=5541996357618&amp;text=Ol%C3%A1!%20Gostaria%20de%20uma%20consulta%20para%20clareamento\" style=\"background-color:#6ca0d1\">agende aqui sua consulta<\/a><\/div>\n<\/div>\n\n\n\n<p>A Ortodontia Piraquara est\u00e1 localizada na Av. Get\u00falio Vargas, 90 \u2013 centro, Piraquara.<\/p>\n\n\n\n<p>Maps:&nbsp;<a href=\"https:\/\/maps.app.goo.gl\/cok1ET3vFxVYewyn8\" target=\"_blank\" rel=\"noreferrer noopener\">https:\/\/maps.app.goo.gl\/cok1ET3vFxVYewyn8<\/a><br>Telefone: (41) 3673-7448<br>Whatsapp:&nbsp;<a href=\"http:\/\/bit.ly\/2JMcPfG\" target=\"_blank\" rel=\"noreferrer noopener\">(41) 99635-7618<\/a><br>Facebook:&nbsp;<a href=\"https:\/\/www.facebook.com\/ortodontiapiraquara\" target=\"_blank\" rel=\"noreferrer noopener\">\/ortodontiapiraquara<\/a><br>Instagram:&nbsp;<a href=\"https:\/\/www.instagram.com\/ortodontia.piraquara\/\" target=\"_blank\" rel=\"noreferrer noopener\">@ortodontia.piraquara<\/a><\/p>\n","protected":false},"excerpt":{"rendered":"<p>Clareamento dental: como chegar aos melhores resultados Se voc\u00ea est\u00e1 em busca de um sorriso mais brilhante e confiante, o &hellip; <a href=\"https:\/\/ortodontiapiraquara.com.br\/site\/clareamento-dental-em-piraquara\/\" class=\"more-link\"><span class=\"more-button\">Leia mais&#8230;<span class=\"screen-reader-text\">Clareamento Dental em Piraquara<\/span><\/span><\/a><\/p>\n","protected":false},"author":1,"featured_media":0,"parent":0,"menu_order":0,"comment_status":"closed","ping_status":"closed","template":"","meta":{"footnotes":""},"class_list":["post-594","page","type-page","status-publish","hentry"],"yoast_head":"<!-- This site is optimized with the Yoast SEO plugin v27.2 - https:\/\/yoast.com\/product\/yoast-seo-wordpress\/ -->\n<title>Clareamento Dental em Piraquara<\/title>\n<meta name=\"description\" content=\"Cl\u00ednica odontol\u00f3gica completa em Piraquara, com os melhores especialistas\" \/>\n<meta name=\"robots\" content=\"index, follow, max-snippet:-1, max-image-preview:large, max-video-preview:-1\" \/>\n<link rel=\"canonical\" href=\"https:\/\/ortodontiapiraquara.com.br\/site\/clareamento-dental-em-piraquara\/\" \/>\n<meta property=\"og:locale\" content=\"pt_BR\" \/>\n<meta property=\"og:type\" content=\"article\" \/>\n<meta property=\"og:title\" content=\"Clareamento Dental em Piraquara\" \/>\n<meta property=\"og:description\" content=\"Cl\u00ednica odontol\u00f3gica completa em Piraquara, com os melhores especialistas\" \/>\n<meta property=\"og:url\" content=\"https:\/\/ortodontiapiraquara.com.br\/site\/clareamento-dental-em-piraquara\/\" \/>\n<meta property=\"og:site_name\" content=\"Seu dentista em Piraquara: Ortodontia Piraquara\" \/>\n<meta property=\"article:publisher\" content=\"https:\/\/www.facebook.com\/ortodontiapiraquara\" \/>\n<meta property=\"article:modified_time\" content=\"2024-05-16T19:49:32+00:00\" \/>\n<meta property=\"og:image\" content=\"https:\/\/ortodontiapiraquara.com.br\/site\/wp-content\/uploads\/2024\/05\/clareamento-dental.jpeg\" \/>\n<meta name=\"twitter:card\" content=\"summary_large_image\" \/>\n<meta name=\"twitter:label1\" content=\"Est. tempo de leitura\" \/>\n\t<meta name=\"twitter:data1\" content=\"4 minutos\" \/>\n<script type=\"application\/ld+json\" class=\"yoast-schema-graph\">{\"@context\":\"https:\/\/schema.org\",\"@graph\":[{\"@type\":\"WebPage\",\"@id\":\"https:\/\/ortodontiapiraquara.com.br\/site\/clareamento-dental-em-piraquara\/\",\"url\":\"https:\/\/ortodontiapiraquara.com.br\/site\/clareamento-dental-em-piraquara\/\",\"name\":\"Clareamento Dental em Piraquara\",\"isPartOf\":{\"@id\":\"https:\/\/ortodontiapiraquara.com.br\/site\/#website\"},\"primaryImageOfPage\":{\"@id\":\"https:\/\/ortodontiapiraquara.com.br\/site\/clareamento-dental-em-piraquara\/#primaryimage\"},\"image\":{\"@id\":\"https:\/\/ortodontiapiraquara.com.br\/site\/clareamento-dental-em-piraquara\/#primaryimage\"},\"thumbnailUrl\":\"https:\/\/ortodontiapiraquara.com.br\/site\/wp-content\/uploads\/2024\/05\/clareamento-dental.jpeg\",\"datePublished\":\"2024-05-09T19:37:00+00:00\",\"dateModified\":\"2024-05-16T19:49:32+00:00\",\"description\":\"Cl\u00ednica odontol\u00f3gica completa em Piraquara, com os melhores especialistas\",\"breadcrumb\":{\"@id\":\"https:\/\/ortodontiapiraquara.com.br\/site\/clareamento-dental-em-piraquara\/#breadcrumb\"},\"inLanguage\":\"pt-BR\",\"potentialAction\":[{\"@type\":\"ReadAction\",\"target\":[\"https:\/\/ortodontiapiraquara.com.br\/site\/clareamento-dental-em-piraquara\/\"]}]},{\"@type\":\"ImageObject\",\"inLanguage\":\"pt-BR\",\"@id\":\"https:\/\/ortodontiapiraquara.com.br\/site\/clareamento-dental-em-piraquara\/#primaryimage\",\"url\":\"https:\/\/ortodontiapiraquara.com.br\/site\/wp-content\/uploads\/2024\/05\/clareamento-dental.jpeg\",\"contentUrl\":\"https:\/\/ortodontiapiraquara.com.br\/site\/wp-content\/uploads\/2024\/05\/clareamento-dental.jpeg\",\"width\":1000,\"height\":676},{\"@type\":\"BreadcrumbList\",\"@id\":\"https:\/\/ortodontiapiraquara.com.br\/site\/clareamento-dental-em-piraquara\/#breadcrumb\",\"itemListElement\":[{\"@type\":\"ListItem\",\"position\":1,\"name\":\"In\u00edcio\",\"item\":\"https:\/\/ortodontiapiraquara.com.br\/site\/\"},{\"@type\":\"ListItem\",\"position\":2,\"name\":\"Clareamento Dental em Piraquara\"}]},{\"@type\":\"WebSite\",\"@id\":\"https:\/\/ortodontiapiraquara.com.br\/site\/#website\",\"url\":\"https:\/\/ortodontiapiraquara.com.br\/site\/\",\"name\":\"Seu dentista em Piraquara. Ortodontia Piraquara\",\"description\":\"Cl\u00ednica odontol\u00f3gica completa em Piraquara, com os melhores especialistas\",\"publisher\":{\"@id\":\"https:\/\/ortodontiapiraquara.com.br\/site\/#organization\"},\"potentialAction\":[{\"@type\":\"SearchAction\",\"target\":{\"@type\":\"EntryPoint\",\"urlTemplate\":\"https:\/\/ortodontiapiraquara.com.br\/site\/?s={search_term_string}\"},\"query-input\":{\"@type\":\"PropertyValueSpecification\",\"valueRequired\":true,\"valueName\":\"search_term_string\"}}],\"inLanguage\":\"pt-BR\"},{\"@type\":\"Organization\",\"@id\":\"https:\/\/ortodontiapiraquara.com.br\/site\/#organization\",\"name\":\"Seu dentista em Piraquara. Ortodontia Piraquara\",\"url\":\"https:\/\/ortodontiapiraquara.com.br\/site\/\",\"logo\":{\"@type\":\"ImageObject\",\"inLanguage\":\"pt-BR\",\"@id\":\"https:\/\/ortodontiapiraquara.com.br\/site\/#\/schema\/logo\/image\/\",\"url\":\"https:\/\/ortodontiapiraquara.com.br\/site\/wp-content\/uploads\/2020\/01\/logo-ortodontia-piraquara.png\",\"contentUrl\":\"https:\/\/ortodontiapiraquara.com.br\/site\/wp-content\/uploads\/2020\/01\/logo-ortodontia-piraquara.png\",\"width\":300,\"height\":71,\"caption\":\"Seu dentista em Piraquara. Ortodontia Piraquara\"},\"image\":{\"@id\":\"https:\/\/ortodontiapiraquara.com.br\/site\/#\/schema\/logo\/image\/\"},\"sameAs\":[\"https:\/\/www.facebook.com\/ortodontiapiraquara\",\"https:\/\/www.instagram.com\/ortodontia.piraquara\/\"]}]}<\/script>\n<!-- \/ Yoast SEO plugin. -->","yoast_head_json":{"title":"Clareamento Dental em Piraquara","description":"Cl\u00ednica odontol\u00f3gica completa em Piraquara, com os melhores especialistas","robots":{"index":"index","follow":"follow","max-snippet":"max-snippet:-1","max-image-preview":"max-image-preview:large","max-video-preview":"max-video-preview:-1"},"canonical":"https:\/\/ortodontiapiraquara.com.br\/site\/clareamento-dental-em-piraquara\/","og_locale":"pt_BR","og_type":"article","og_title":"Clareamento Dental em Piraquara","og_description":"Cl\u00ednica odontol\u00f3gica completa em Piraquara, com os melhores especialistas","og_url":"https:\/\/ortodontiapiraquara.com.br\/site\/clareamento-dental-em-piraquara\/","og_site_name":"Seu dentista em Piraquara: Ortodontia Piraquara","article_publisher":"https:\/\/www.facebook.com\/ortodontiapiraquara","article_modified_time":"2024-05-16T19:49:32+00:00","og_image":[{"url":"https:\/\/ortodontiapiraquara.com.br\/site\/wp-content\/uploads\/2024\/05\/clareamento-dental.jpeg","type":"","width":"","height":""}],"twitter_card":"summary_large_image","twitter_misc":{"Est. tempo de leitura":"4 minutos"},"schema":{"@context":"https:\/\/schema.org","@graph":[{"@type":"WebPage","@id":"https:\/\/ortodontiapiraquara.com.br\/site\/clareamento-dental-em-piraquara\/","url":"https:\/\/ortodontiapiraquara.com.br\/site\/clareamento-dental-em-piraquara\/","name":"Clareamento Dental em Piraquara","isPartOf":{"@id":"https:\/\/ortodontiapiraquara.com.br\/site\/#website"},"primaryImageOfPage":{"@id":"https:\/\/ortodontiapiraquara.com.br\/site\/clareamento-dental-em-piraquara\/#primaryimage"},"image":{"@id":"https:\/\/ortodontiapiraquara.com.br\/site\/clareamento-dental-em-piraquara\/#primaryimage"},"thumbnailUrl":"https:\/\/ortodontiapiraquara.com.br\/site\/wp-content\/uploads\/2024\/05\/clareamento-dental.jpeg","datePublished":"2024-05-09T19:37:00+00:00","dateModified":"2024-05-16T19:49:32+00:00","description":"Cl\u00ednica odontol\u00f3gica completa em Piraquara, com os melhores especialistas","breadcrumb":{"@id":"https:\/\/ortodontiapiraquara.com.br\/site\/clareamento-dental-em-piraquara\/#breadcrumb"},"inLanguage":"pt-BR","potentialAction":[{"@type":"ReadAction","target":["https:\/\/ortodontiapiraquara.com.br\/site\/clareamento-dental-em-piraquara\/"]}]},{"@type":"ImageObject","inLanguage":"pt-BR","@id":"https:\/\/ortodontiapiraquara.com.br\/site\/clareamento-dental-em-piraquara\/#primaryimage","url":"https:\/\/ortodontiapiraquara.com.br\/site\/wp-content\/uploads\/2024\/05\/clareamento-dental.jpeg","contentUrl":"https:\/\/ortodontiapiraquara.com.br\/site\/wp-content\/uploads\/2024\/05\/clareamento-dental.jpeg","width":1000,"height":676},{"@type":"BreadcrumbList","@id":"https:\/\/ortodontiapiraquara.com.br\/site\/clareamento-dental-em-piraquara\/#breadcrumb","itemListElement":[{"@type":"ListItem","position":1,"name":"In\u00edcio","item":"https:\/\/ortodontiapiraquara.com.br\/site\/"},{"@type":"ListItem","position":2,"name":"Clareamento Dental em Piraquara"}]},{"@type":"WebSite","@id":"https:\/\/ortodontiapiraquara.com.br\/site\/#website","url":"https:\/\/ortodontiapiraquara.com.br\/site\/","name":"Seu dentista em Piraquara. Ortodontia Piraquara","description":"Cl\u00ednica odontol\u00f3gica completa em Piraquara, com os melhores especialistas","publisher":{"@id":"https:\/\/ortodontiapiraquara.com.br\/site\/#organization"},"potentialAction":[{"@type":"SearchAction","target":{"@type":"EntryPoint","urlTemplate":"https:\/\/ortodontiapiraquara.com.br\/site\/?s={search_term_string}"},"query-input":{"@type":"PropertyValueSpecification","valueRequired":true,"valueName":"search_term_string"}}],"inLanguage":"pt-BR"},{"@type":"Organization","@id":"https:\/\/ortodontiapiraquara.com.br\/site\/#organization","name":"Seu dentista em Piraquara. Ortodontia Piraquara","url":"https:\/\/ortodontiapiraquara.com.br\/site\/","logo":{"@type":"ImageObject","inLanguage":"pt-BR","@id":"https:\/\/ortodontiapiraquara.com.br\/site\/#\/schema\/logo\/image\/","url":"https:\/\/ortodontiapiraquara.com.br\/site\/wp-content\/uploads\/2020\/01\/logo-ortodontia-piraquara.png","contentUrl":"https:\/\/ortodontiapiraquara.com.br\/site\/wp-content\/uploads\/2020\/01\/logo-ortodontia-piraquara.png","width":300,"height":71,"caption":"Seu dentista em Piraquara. Ortodontia Piraquara"},"image":{"@id":"https:\/\/ortodontiapiraquara.com.br\/site\/#\/schema\/logo\/image\/"},"sameAs":["https:\/\/www.facebook.com\/ortodontiapiraquara","https:\/\/www.instagram.com\/ortodontia.piraquara\/"]}]}},"amp_enabled":true,"_links":{"self":[{"href":"https:\/\/ortodontiapiraquara.com.br\/site\/wp-json\/wp\/v2\/pages\/594","targetHints":{"allow":["GET"]}}],"collection":[{"href":"https:\/\/ortodontiapiraquara.com.br\/site\/wp-json\/wp\/v2\/pages"}],"about":[{"href":"https:\/\/ortodontiapiraquara.com.br\/site\/wp-json\/wp\/v2\/types\/page"}],"author":[{"embeddable":true,"href":"https:\/\/ortodontiapiraquara.com.br\/site\/wp-json\/wp\/v2\/users\/1"}],"replies":[{"embeddable":true,"href":"https:\/\/ortodontiapiraquara.com.br\/site\/wp-json\/wp\/v2\/comments?post=594"}],"version-history":[{"count":5,"href":"https:\/\/ortodontiapiraquara.com.br\/site\/wp-json\/wp\/v2\/pages\/594\/revisions"}],"predecessor-version":[{"id":674,"href":"https:\/\/ortodontiapiraquara.com.br\/site\/wp-json\/wp\/v2\/pages\/594\/revisions\/674"}],"wp:attachment":[{"href":"https:\/\/ortodontiapiraquara.com.br\/site\/wp-json\/wp\/v2\/media?parent=594"}],"curies":[{"name":"wp","href":"https:\/\/api.w.org\/{rel}","templated":true}]}}