{"id":437,"date":"2021-11-18T00:41:22","date_gmt":"2021-11-18T03:41:22","guid":{"rendered":"https:\/\/ortodontiapiraquara.com.br\/site\/?page_id=437"},"modified":"2025-06-18T10:54:29","modified_gmt":"2025-06-18T13:54:29","slug":"invisalign","status":"publish","type":"page","link":"https:\/\/ortodontiapiraquara.com.br\/site\/invisalign\/","title":{"rendered":"Invisalign"},"content":{"rendered":"\n<div class=\"wp-block-columns is-layout-flex wp-container-core-columns-is-layout-9d6595d7 wp-block-columns-is-layout-flex\">\n<div class=\"wp-block-column is-layout-flow wp-block-column-is-layout-flow\">\n<figure class=\"wp-block-image size-large\"><img decoding=\"async\" width=\"450\" height=\"238\" data-src=\"https:\/\/ortodontiapiraquara.com.br\/site\/wp-content\/uploads\/2021\/11\/larissa-2-e1637204721476.jpg\" alt=\"\" class=\"wp-image-438 lazyload\" data-srcset=\"https:\/\/ortodontiapiraquara.com.br\/site\/wp-content\/uploads\/2021\/11\/larissa-2-e1637204721476.jpg 450w, https:\/\/ortodontiapiraquara.com.br\/site\/wp-content\/uploads\/2021\/11\/larissa-2-e1637204721476-300x159.jpg 300w\" data-sizes=\"(max-width: 450px) 100vw, 450px\" src=\"data:image\/gif;base64,R0lGODlhAQABAAAAACH5BAEKAAEALAAAAAABAAEAAAICTAEAOw==\" style=\"--smush-placeholder-width: 450px; --smush-placeholder-aspect-ratio: 450\/238;\" \/><\/figure>\n<\/div>\n\n\n\n<div class=\"wp-block-column is-layout-flow wp-block-column-is-layout-flow\">\n<h2 class=\"wp-block-heading\">Invisalign: Alinhadores Invis\u00edveis<\/h2>\n\n\n\n<p>O tratamento ortod\u00f4ntico mais moderno no mundo, na cl\u00ednica refer\u00eancia de qualidade em Piraquara <\/p>\n\n\n\n<div class=\"wp-block-button\"><a class=\"wp-block-button__link wp-element-button\" href=\"https:\/\/api.whatsapp.com\/send?phone=5541996357618\">Agende sua consulta<\/a><\/div>\n<\/div>\n<\/div>\n\n\n\n<figure class=\"wp-block-image size-large\"><img decoding=\"async\" width=\"1024\" height=\"576\" data-src=\"https:\/\/ortodontiapiraquara.com.br\/site\/wp-content\/uploads\/2021\/11\/invisalign-thais.jpeg\" alt=\"\" class=\"wp-image-442 lazyload\" data-srcset=\"https:\/\/ortodontiapiraquara.com.br\/site\/wp-content\/uploads\/2021\/11\/invisalign-thais.jpeg 1024w, https:\/\/ortodontiapiraquara.com.br\/site\/wp-content\/uploads\/2021\/11\/invisalign-thais-300x169.jpeg 300w, https:\/\/ortodontiapiraquara.com.br\/site\/wp-content\/uploads\/2021\/11\/invisalign-thais-768x432.jpeg 768w, https:\/\/ortodontiapiraquara.com.br\/site\/wp-content\/uploads\/2021\/11\/invisalign-thais-480x270.jpeg 480w\" data-sizes=\"(max-width: 1024px) 100vw, 1024px\" src=\"data:image\/gif;base64,R0lGODlhAQABAAAAACH5BAEKAAEALAAAAAABAAEAAAICTAEAOw==\" style=\"--smush-placeholder-width: 1024px; --smush-placeholder-aspect-ratio: 1024\/576;\" \/><\/figure>\n\n\n\n<h2 class=\"wp-block-heading\">Sobre o Invisalign<\/h2>\n\n\n\n<p>\u00c9 um tratamento ortod\u00f4ntico inovador que alinha os seus dentes com placas alinhadoras m\u00f3veis praticamente invis\u00edveis. \u00c9 o sistema de alinhadores transparentes n\u00famero 1 do mundo.<\/p>\n\n\n\n<p>O tratamento \u00e9 muito mais r\u00e1pido que o tradicional. N\u00e3o h\u00e1 fios e br\u00e1quetes:  \u00e9 poss\u00edvel passar o fio dental e continuar consumindo todos os seus alimentos favoritos.<\/p>\n\n\n\n<p>Invisalign \u00e9 oferecido aqui em Piraquara na cl\u00ednica Ortodontia Piraquara.<\/p>\n\n\n\n<div class=\"wp-block-columns is-layout-flex wp-container-core-columns-is-layout-9d6595d7 wp-block-columns-is-layout-flex\">\n<div class=\"wp-block-column is-layout-flow wp-block-column-is-layout-flow\">\n<figure class=\"wp-block-embed is-type-video is-provider-youtube wp-block-embed-youtube wp-embed-aspect-4-3 wp-has-aspect-ratio\"><div class=\"wp-block-embed__wrapper\">\n<iframe title=\"Invisalign em Piraquara\" width=\"990\" height=\"743\" data-src=\"https:\/\/www.youtube.com\/embed\/eolQEHs-kAA?feature=oembed\" frameborder=\"0\" allow=\"accelerometer; autoplay; clipboard-write; encrypted-media; gyroscope; picture-in-picture\" allowfullscreen src=\"data:image\/gif;base64,R0lGODlhAQABAAAAACH5BAEKAAEALAAAAAABAAEAAAICTAEAOw==\" class=\"lazyload\" data-load-mode=\"1\"><\/iframe>\n<\/div><\/figure>\n<\/div>\n\n\n\n<div class=\"wp-block-column is-layout-flow wp-block-column-is-layout-flow\">\n<h2 class=\"wp-block-heading\"><strong>Invisalign \u00e9:<\/strong><\/h2>\n\n\n\n<ul class=\"wp-block-list\">\n<li>Super discreto.<\/li>\n\n\n\n<li>N\u00e3o tem o desconforto dos br\u00e1quetes.<\/li>\n\n\n\n<li>Voc\u00ea tira o alinhador para comer <\/li>\n\n\n\n<li>Pode tirar para algum evento social;<\/li>\n\n\n\n<li>F\u00e1cil de higienizar;<\/li>\n\n\n\n<li>Chega mais r\u00e1pido ao resultado final;<\/li>\n\n\n\n<li>\u00c9 digital: voc\u00ea v\u00ea a simula\u00e7\u00e3o do seu sorriso;<\/li>\n<\/ul>\n<\/div>\n<\/div>\n\n\n\n<p><strong>Previsibilidade\n+ Rapidez<\/strong><\/p>\n\n\n\n<p>O tratamento com Invisalign \u00e9 muito mais r\u00e1pido que o fixo tradicional. A ortodontista determinar\u00e1 exatamente quanto tempo o tratamento durar\u00e1, por meio do sistema digital da Invisalign. E esse processo pode ser visualizado na simula\u00e7\u00e3o em 3D do seu sorriso, mostrando a evolu\u00e7\u00e3o em cada semana de uso previsto dos alinhadores.  <\/p>\n\n\n\n<p>Temos casos conclu\u00eddos em poucos meses.<\/p>\n\n\n\n<figure class=\"wp-block-gallery has-nested-images columns-default is-cropped wp-block-gallery-1 is-layout-flex wp-block-gallery-is-layout-flex\">\n<figure class=\"wp-block-image size-large\"><img decoding=\"async\" width=\"1024\" height=\"576\" data-id=\"442\" data-src=\"https:\/\/ortodontiapiraquara.com.br\/site\/wp-content\/uploads\/2021\/11\/invisalign-thais.jpeg\" alt=\"\" class=\"wp-image-442 lazyload\" data-srcset=\"https:\/\/ortodontiapiraquara.com.br\/site\/wp-content\/uploads\/2021\/11\/invisalign-thais.jpeg 1024w, https:\/\/ortodontiapiraquara.com.br\/site\/wp-content\/uploads\/2021\/11\/invisalign-thais-300x169.jpeg 300w, https:\/\/ortodontiapiraquara.com.br\/site\/wp-content\/uploads\/2021\/11\/invisalign-thais-768x432.jpeg 768w, https:\/\/ortodontiapiraquara.com.br\/site\/wp-content\/uploads\/2021\/11\/invisalign-thais-480x270.jpeg 480w\" data-sizes=\"(max-width: 1024px) 100vw, 1024px\" src=\"data:image\/gif;base64,R0lGODlhAQABAAAAACH5BAEKAAEALAAAAAABAAEAAAICTAEAOw==\" style=\"--smush-placeholder-width: 1024px; --smush-placeholder-aspect-ratio: 1024\/576;\" \/><\/figure>\n\n\n\n<figure class=\"wp-block-image size-large\"><img decoding=\"async\" width=\"1024\" height=\"576\" data-id=\"443\" data-src=\"https:\/\/ortodontiapiraquara.com.br\/site\/wp-content\/uploads\/2021\/11\/invisalign-banco-anitta-1024x576.png\" alt=\"\" class=\"wp-image-443 lazyload\" data-srcset=\"https:\/\/ortodontiapiraquara.com.br\/site\/wp-content\/uploads\/2021\/11\/invisalign-banco-anitta-1024x576.png 1024w, https:\/\/ortodontiapiraquara.com.br\/site\/wp-content\/uploads\/2021\/11\/invisalign-banco-anitta-300x169.png 300w, https:\/\/ortodontiapiraquara.com.br\/site\/wp-content\/uploads\/2021\/11\/invisalign-banco-anitta-768x432.png 768w, https:\/\/ortodontiapiraquara.com.br\/site\/wp-content\/uploads\/2021\/11\/invisalign-banco-anitta-1040x585.png 1040w, https:\/\/ortodontiapiraquara.com.br\/site\/wp-content\/uploads\/2021\/11\/invisalign-banco-anitta-480x270.png 480w, https:\/\/ortodontiapiraquara.com.br\/site\/wp-content\/uploads\/2021\/11\/invisalign-banco-anitta.png 1280w\" data-sizes=\"(max-width: 1024px) 100vw, 1024px\" src=\"data:image\/gif;base64,R0lGODlhAQABAAAAACH5BAEKAAEALAAAAAABAAEAAAICTAEAOw==\" style=\"--smush-placeholder-width: 1024px; --smush-placeholder-aspect-ratio: 1024\/576;\" \/><\/figure>\n\n\n\n<figure class=\"wp-block-image size-large\"><img decoding=\"async\" width=\"1024\" height=\"683\" data-id=\"444\" data-src=\"https:\/\/ortodontiapiraquara.com.br\/site\/wp-content\/uploads\/2021\/11\/invisalign-banco-1024x683.jpg\" alt=\"\" class=\"wp-image-444 lazyload\" data-srcset=\"https:\/\/ortodontiapiraquara.com.br\/site\/wp-content\/uploads\/2021\/11\/invisalign-banco-1024x683.jpg 1024w, https:\/\/ortodontiapiraquara.com.br\/site\/wp-content\/uploads\/2021\/11\/invisalign-banco-300x200.jpg 300w, https:\/\/ortodontiapiraquara.com.br\/site\/wp-content\/uploads\/2021\/11\/invisalign-banco-768x512.jpg 768w, https:\/\/ortodontiapiraquara.com.br\/site\/wp-content\/uploads\/2021\/11\/invisalign-banco-666x444.jpg 666w, https:\/\/ortodontiapiraquara.com.br\/site\/wp-content\/uploads\/2021\/11\/invisalign-banco.jpg 1080w\" data-sizes=\"(max-width: 1024px) 100vw, 1024px\" src=\"data:image\/gif;base64,R0lGODlhAQABAAAAACH5BAEKAAEALAAAAAABAAEAAAICTAEAOw==\" style=\"--smush-placeholder-width: 1024px; --smush-placeholder-aspect-ratio: 1024\/683;\" \/><\/figure>\n<\/figure>\n\n\n\n<h2 class=\"wp-block-heading\">Realize seu tratamento aqui em Piraquara:<\/h2>\n\n\n\n<p>A Ortodontia Piraquara fica na Av. Get\u00falio Vargas, 90 &#8211; centro de Piraquara. <\/p>\n\n\n\n<div class=\"wp-block-button\"><a class=\"wp-block-button__link wp-element-button\" href=\"https:\/\/api.whatsapp.com\/send?phone=5541996357618\">agende aqui seu hor\u00e1rio<\/a><\/div>\n\n\n\n<div class=\"wp-block-columns is-layout-flex wp-container-core-columns-is-layout-9d6595d7 wp-block-columns-is-layout-flex\">\n<div class=\"wp-block-column is-layout-flow wp-block-column-is-layout-flow\">\n<h2 class=\"wp-block-heading\">A ortodontista<\/h2>\n\n\n\n<p>Dra. Mariana Cleto \u00e9:<\/p>\n\n\n\n<ul class=\"wp-block-list\">\n<li>Especialista em Ortodontia<\/li>\n\n\n\n<li>Invisalign Doctor<\/li>\n\n\n\n<li>Especialista em Ortopedia Funcional dos Maxilares<\/li>\n\n\n\n<li>Prof. Adjunta Ortodontia &#8211; ABO\/PR<\/li>\n\n\n\n<li>Mais de 16 anos de experi\u00eancia profissional <\/li>\n\n\n\n<li>\u00a0<a class=\"rank-math-link\" href=\"https:\/\/www.instagram.com\/dramarianacleto\/\">@dramarianacleto<\/a><\/li>\n<\/ul>\n<\/div>\n\n\n\n<div class=\"wp-block-column is-layout-flow wp-block-column-is-layout-flow\">\n<figure class=\"wp-block-image size-large\"><img decoding=\"async\" width=\"800\" height=\"533\" data-src=\"https:\/\/ortodontiapiraquara.com.br\/site\/wp-content\/uploads\/2021\/11\/case.jpeg\" alt=\"\" class=\"wp-image-447 lazyload\" data-srcset=\"https:\/\/ortodontiapiraquara.com.br\/site\/wp-content\/uploads\/2021\/11\/case.jpeg 800w, https:\/\/ortodontiapiraquara.com.br\/site\/wp-content\/uploads\/2021\/11\/case-300x200.jpeg 300w, https:\/\/ortodontiapiraquara.com.br\/site\/wp-content\/uploads\/2021\/11\/case-768x512.jpeg 768w, https:\/\/ortodontiapiraquara.com.br\/site\/wp-content\/uploads\/2021\/11\/case-666x444.jpeg 666w\" data-sizes=\"(max-width: 800px) 100vw, 800px\" src=\"data:image\/gif;base64,R0lGODlhAQABAAAAACH5BAEKAAEALAAAAAABAAEAAAICTAEAOw==\" style=\"--smush-placeholder-width: 800px; --smush-placeholder-aspect-ratio: 800\/533;\" \/><\/figure>\n<\/div>\n<\/div>\n\n\n\n<div class=\"wp-block-button\"><a class=\"wp-block-button__link wp-element-button\" href=\"https:\/\/api.whatsapp.com\/send?phone=5541996357618\">Agende seu hor\u00e1rio<\/a><\/div>\n\n\n\n<p> Av. Get\u00falio Vargas, 90 \u2013 Sala 1 \u2013 Piraquara.<br>Maps:&nbsp;<a href=\"https:\/\/g.page\/ortodontiapiraquara?share\">https:\/\/g.page\/ortodontiapiraquara<\/a><br>Telefone: (41) 3673-7448<br>Whatsapp:&nbsp;<a href=\"http:\/\/bit.ly\/2JMcPfG\">(41) 99635-7618<\/a><br>Facebook:&nbsp;<a href=\"https:\/\/www.facebook.com\/ortodontiapiraquara\">\/ortodontiapiraquara<\/a><br>Instagram:&nbsp;<a class=\"rank-math-link\" href=\"https:\/\/www.instagram.com\/ortodontia.piraquara\/\">@ortodontia.piraquara <\/a><\/p>\n","protected":false},"excerpt":{"rendered":"<p>Invisalign: Alinhadores Invis\u00edveis O tratamento ortod\u00f4ntico mais moderno no mundo, na cl\u00ednica refer\u00eancia de qualidade em Piraquara Sobre o Invisalign &hellip; <a href=\"https:\/\/ortodontiapiraquara.com.br\/site\/invisalign\/\" class=\"more-link\"><span class=\"more-button\">Leia mais&#8230;<span class=\"screen-reader-text\">Invisalign<\/span><\/span><\/a><\/p>\n","protected":false},"author":1,"featured_media":0,"parent":0,"menu_order":0,"comment_status":"closed","ping_status":"closed","template":"","meta":{"footnotes":""},"class_list":["post-437","page","type-page","status-publish","hentry"],"yoast_head":"<!-- This site is optimized with the Yoast SEO plugin v27.2 - https:\/\/yoast.com\/product\/yoast-seo-wordpress\/ -->\n<title>Invisalign<\/title>\n<meta name=\"description\" content=\"Cl\u00ednica odontol\u00f3gica completa em Piraquara, com os melhores especialistas\" \/>\n<meta name=\"robots\" content=\"index, follow, max-snippet:-1, max-image-preview:large, max-video-preview:-1\" \/>\n<link rel=\"canonical\" href=\"https:\/\/ortodontiapiraquara.com.br\/site\/invisalign\/\" \/>\n<meta property=\"og:locale\" content=\"pt_BR\" \/>\n<meta property=\"og:type\" content=\"article\" \/>\n<meta property=\"og:title\" content=\"Invisalign\" \/>\n<meta property=\"og:description\" content=\"Cl\u00ednica odontol\u00f3gica completa em Piraquara, com os melhores especialistas\" \/>\n<meta property=\"og:url\" content=\"https:\/\/ortodontiapiraquara.com.br\/site\/invisalign\/\" \/>\n<meta property=\"og:site_name\" content=\"Seu dentista em Piraquara: Ortodontia Piraquara\" \/>\n<meta property=\"article:publisher\" content=\"https:\/\/www.facebook.com\/ortodontiapiraquara\" \/>\n<meta property=\"article:modified_time\" content=\"2025-06-18T13:54:29+00:00\" \/>\n<meta property=\"og:image\" content=\"https:\/\/ortodontiapiraquara.com.br\/site\/wp-content\/uploads\/2021\/11\/larissa-2-e1637204721476.jpg\" \/>\n<meta name=\"twitter:card\" content=\"summary_large_image\" \/>\n<meta name=\"twitter:label1\" content=\"Est. tempo de leitura\" \/>\n\t<meta name=\"twitter:data1\" content=\"3 minutos\" \/>\n<script type=\"application\/ld+json\" class=\"yoast-schema-graph\">{\"@context\":\"https:\/\/schema.org\",\"@graph\":[{\"@type\":\"WebPage\",\"@id\":\"https:\/\/ortodontiapiraquara.com.br\/site\/invisalign\/\",\"url\":\"https:\/\/ortodontiapiraquara.com.br\/site\/invisalign\/\",\"name\":\"Invisalign\",\"isPartOf\":{\"@id\":\"https:\/\/ortodontiapiraquara.com.br\/site\/#website\"},\"primaryImageOfPage\":{\"@id\":\"https:\/\/ortodontiapiraquara.com.br\/site\/invisalign\/#primaryimage\"},\"image\":{\"@id\":\"https:\/\/ortodontiapiraquara.com.br\/site\/invisalign\/#primaryimage\"},\"thumbnailUrl\":\"https:\/\/ortodontiapiraquara.com.br\/site\/wp-content\/uploads\/2021\/11\/larissa-2-e1637204721476.jpg\",\"datePublished\":\"2021-11-18T03:41:22+00:00\",\"dateModified\":\"2025-06-18T13:54:29+00:00\",\"description\":\"Cl\u00ednica odontol\u00f3gica completa em Piraquara, com os melhores especialistas\",\"breadcrumb\":{\"@id\":\"https:\/\/ortodontiapiraquara.com.br\/site\/invisalign\/#breadcrumb\"},\"inLanguage\":\"pt-BR\",\"potentialAction\":[{\"@type\":\"ReadAction\",\"target\":[\"https:\/\/ortodontiapiraquara.com.br\/site\/invisalign\/\"]}]},{\"@type\":\"ImageObject\",\"inLanguage\":\"pt-BR\",\"@id\":\"https:\/\/ortodontiapiraquara.com.br\/site\/invisalign\/#primaryimage\",\"url\":\"https:\/\/ortodontiapiraquara.com.br\/site\/wp-content\/uploads\/2021\/11\/larissa-2-e1637204721476.jpg\",\"contentUrl\":\"https:\/\/ortodontiapiraquara.com.br\/site\/wp-content\/uploads\/2021\/11\/larissa-2-e1637204721476.jpg\",\"width\":450,\"height\":238},{\"@type\":\"BreadcrumbList\",\"@id\":\"https:\/\/ortodontiapiraquara.com.br\/site\/invisalign\/#breadcrumb\",\"itemListElement\":[{\"@type\":\"ListItem\",\"position\":1,\"name\":\"In\u00edcio\",\"item\":\"https:\/\/ortodontiapiraquara.com.br\/site\/\"},{\"@type\":\"ListItem\",\"position\":2,\"name\":\"Invisalign\"}]},{\"@type\":\"WebSite\",\"@id\":\"https:\/\/ortodontiapiraquara.com.br\/site\/#website\",\"url\":\"https:\/\/ortodontiapiraquara.com.br\/site\/\",\"name\":\"Seu dentista em Piraquara. Ortodontia Piraquara\",\"description\":\"Cl\u00ednica odontol\u00f3gica completa em Piraquara, com os melhores especialistas\",\"publisher\":{\"@id\":\"https:\/\/ortodontiapiraquara.com.br\/site\/#organization\"},\"potentialAction\":[{\"@type\":\"SearchAction\",\"target\":{\"@type\":\"EntryPoint\",\"urlTemplate\":\"https:\/\/ortodontiapiraquara.com.br\/site\/?s={search_term_string}\"},\"query-input\":{\"@type\":\"PropertyValueSpecification\",\"valueRequired\":true,\"valueName\":\"search_term_string\"}}],\"inLanguage\":\"pt-BR\"},{\"@type\":\"Organization\",\"@id\":\"https:\/\/ortodontiapiraquara.com.br\/site\/#organization\",\"name\":\"Seu dentista em Piraquara. Ortodontia Piraquara\",\"url\":\"https:\/\/ortodontiapiraquara.com.br\/site\/\",\"logo\":{\"@type\":\"ImageObject\",\"inLanguage\":\"pt-BR\",\"@id\":\"https:\/\/ortodontiapiraquara.com.br\/site\/#\/schema\/logo\/image\/\",\"url\":\"https:\/\/ortodontiapiraquara.com.br\/site\/wp-content\/uploads\/2020\/01\/logo-ortodontia-piraquara.png\",\"contentUrl\":\"https:\/\/ortodontiapiraquara.com.br\/site\/wp-content\/uploads\/2020\/01\/logo-ortodontia-piraquara.png\",\"width\":300,\"height\":71,\"caption\":\"Seu dentista em Piraquara. Ortodontia Piraquara\"},\"image\":{\"@id\":\"https:\/\/ortodontiapiraquara.com.br\/site\/#\/schema\/logo\/image\/\"},\"sameAs\":[\"https:\/\/www.facebook.com\/ortodontiapiraquara\",\"https:\/\/www.instagram.com\/ortodontia.piraquara\/\"]}]}<\/script>\n<!-- \/ Yoast SEO plugin. -->","yoast_head_json":{"title":"Invisalign","description":"Cl\u00ednica odontol\u00f3gica completa em Piraquara, com os melhores especialistas","robots":{"index":"index","follow":"follow","max-snippet":"max-snippet:-1","max-image-preview":"max-image-preview:large","max-video-preview":"max-video-preview:-1"},"canonical":"https:\/\/ortodontiapiraquara.com.br\/site\/invisalign\/","og_locale":"pt_BR","og_type":"article","og_title":"Invisalign","og_description":"Cl\u00ednica odontol\u00f3gica completa em Piraquara, com os melhores especialistas","og_url":"https:\/\/ortodontiapiraquara.com.br\/site\/invisalign\/","og_site_name":"Seu dentista em Piraquara: Ortodontia Piraquara","article_publisher":"https:\/\/www.facebook.com\/ortodontiapiraquara","article_modified_time":"2025-06-18T13:54:29+00:00","og_image":[{"url":"https:\/\/ortodontiapiraquara.com.br\/site\/wp-content\/uploads\/2021\/11\/larissa-2-e1637204721476.jpg","type":"","width":"","height":""}],"twitter_card":"summary_large_image","twitter_misc":{"Est. tempo de leitura":"3 minutos"},"schema":{"@context":"https:\/\/schema.org","@graph":[{"@type":"WebPage","@id":"https:\/\/ortodontiapiraquara.com.br\/site\/invisalign\/","url":"https:\/\/ortodontiapiraquara.com.br\/site\/invisalign\/","name":"Invisalign","isPartOf":{"@id":"https:\/\/ortodontiapiraquara.com.br\/site\/#website"},"primaryImageOfPage":{"@id":"https:\/\/ortodontiapiraquara.com.br\/site\/invisalign\/#primaryimage"},"image":{"@id":"https:\/\/ortodontiapiraquara.com.br\/site\/invisalign\/#primaryimage"},"thumbnailUrl":"https:\/\/ortodontiapiraquara.com.br\/site\/wp-content\/uploads\/2021\/11\/larissa-2-e1637204721476.jpg","datePublished":"2021-11-18T03:41:22+00:00","dateModified":"2025-06-18T13:54:29+00:00","description":"Cl\u00ednica odontol\u00f3gica completa em Piraquara, com os melhores especialistas","breadcrumb":{"@id":"https:\/\/ortodontiapiraquara.com.br\/site\/invisalign\/#breadcrumb"},"inLanguage":"pt-BR","potentialAction":[{"@type":"ReadAction","target":["https:\/\/ortodontiapiraquara.com.br\/site\/invisalign\/"]}]},{"@type":"ImageObject","inLanguage":"pt-BR","@id":"https:\/\/ortodontiapiraquara.com.br\/site\/invisalign\/#primaryimage","url":"https:\/\/ortodontiapiraquara.com.br\/site\/wp-content\/uploads\/2021\/11\/larissa-2-e1637204721476.jpg","contentUrl":"https:\/\/ortodontiapiraquara.com.br\/site\/wp-content\/uploads\/2021\/11\/larissa-2-e1637204721476.jpg","width":450,"height":238},{"@type":"BreadcrumbList","@id":"https:\/\/ortodontiapiraquara.com.br\/site\/invisalign\/#breadcrumb","itemListElement":[{"@type":"ListItem","position":1,"name":"In\u00edcio","item":"https:\/\/ortodontiapiraquara.com.br\/site\/"},{"@type":"ListItem","position":2,"name":"Invisalign"}]},{"@type":"WebSite","@id":"https:\/\/ortodontiapiraquara.com.br\/site\/#website","url":"https:\/\/ortodontiapiraquara.com.br\/site\/","name":"Seu dentista em Piraquara. Ortodontia Piraquara","description":"Cl\u00ednica odontol\u00f3gica completa em Piraquara, com os melhores especialistas","publisher":{"@id":"https:\/\/ortodontiapiraquara.com.br\/site\/#organization"},"potentialAction":[{"@type":"SearchAction","target":{"@type":"EntryPoint","urlTemplate":"https:\/\/ortodontiapiraquara.com.br\/site\/?s={search_term_string}"},"query-input":{"@type":"PropertyValueSpecification","valueRequired":true,"valueName":"search_term_string"}}],"inLanguage":"pt-BR"},{"@type":"Organization","@id":"https:\/\/ortodontiapiraquara.com.br\/site\/#organization","name":"Seu dentista em Piraquara. Ortodontia Piraquara","url":"https:\/\/ortodontiapiraquara.com.br\/site\/","logo":{"@type":"ImageObject","inLanguage":"pt-BR","@id":"https:\/\/ortodontiapiraquara.com.br\/site\/#\/schema\/logo\/image\/","url":"https:\/\/ortodontiapiraquara.com.br\/site\/wp-content\/uploads\/2020\/01\/logo-ortodontia-piraquara.png","contentUrl":"https:\/\/ortodontiapiraquara.com.br\/site\/wp-content\/uploads\/2020\/01\/logo-ortodontia-piraquara.png","width":300,"height":71,"caption":"Seu dentista em Piraquara. Ortodontia Piraquara"},"image":{"@id":"https:\/\/ortodontiapiraquara.com.br\/site\/#\/schema\/logo\/image\/"},"sameAs":["https:\/\/www.facebook.com\/ortodontiapiraquara","https:\/\/www.instagram.com\/ortodontia.piraquara\/"]}]}},"amp_enabled":true,"_links":{"self":[{"href":"https:\/\/ortodontiapiraquara.com.br\/site\/wp-json\/wp\/v2\/pages\/437","targetHints":{"allow":["GET"]}}],"collection":[{"href":"https:\/\/ortodontiapiraquara.com.br\/site\/wp-json\/wp\/v2\/pages"}],"about":[{"href":"https:\/\/ortodontiapiraquara.com.br\/site\/wp-json\/wp\/v2\/types\/page"}],"author":[{"embeddable":true,"href":"https:\/\/ortodontiapiraquara.com.br\/site\/wp-json\/wp\/v2\/users\/1"}],"replies":[{"embeddable":true,"href":"https:\/\/ortodontiapiraquara.com.br\/site\/wp-json\/wp\/v2\/comments?post=437"}],"version-history":[{"count":14,"href":"https:\/\/ortodontiapiraquara.com.br\/site\/wp-json\/wp\/v2\/pages\/437\/revisions"}],"predecessor-version":[{"id":887,"href":"https:\/\/ortodontiapiraquara.com.br\/site\/wp-json\/wp\/v2\/pages\/437\/revisions\/887"}],"wp:attachment":[{"href":"https:\/\/ortodontiapiraquara.com.br\/site\/wp-json\/wp\/v2\/media?parent=437"}],"curies":[{"name":"wp","href":"https:\/\/api.w.org\/{rel}","templated":true}]}}