{"id":177,"date":"2020-10-02T11:37:00","date_gmt":"2020-10-02T14:37:00","guid":{"rendered":"https:\/\/ortodontiapiraquara.com.br\/site\/?page_id=177"},"modified":"2020-10-02T23:12:52","modified_gmt":"2020-10-03T02:12:52","slug":"pagina-de-entrada","status":"publish","type":"page","link":"https:\/\/ortodontiapiraquara.com.br\/site\/pagina-de-entrada\/","title":{"rendered":"ORTODONTIA PIRAQUARA"},"content":{"rendered":"\n<p>Seu dentista em Piraquara<\/p>\n\n\n\n<p>Cl\u00ednica odontol\u00f3gica no centro de Piraquara com especialistas comprometido com o que h\u00e1 de melhor para o seu sorriso. <\/p>\n","protected":false},"excerpt":{"rendered":"<p>Seu dentista em Piraquara Cl\u00ednica odontol\u00f3gica no centro de Piraquara com especialistas comprometido com o que h\u00e1 de melhor para &hellip; <a href=\"https:\/\/ortodontiapiraquara.com.br\/site\/pagina-de-entrada\/\" class=\"more-link\"><span class=\"more-button\">Leia mais&#8230;<span class=\"screen-reader-text\">ORTODONTIA PIRAQUARA<\/span><\/span><\/a><\/p>\n","protected":false},"author":1,"featured_media":0,"parent":0,"menu_order":0,"comment_status":"closed","ping_status":"closed","template":"","meta":{"footnotes":""},"class_list":["post-177","page","type-page","status-publish","hentry"],"yoast_head":"<!-- This site is optimized with the Yoast SEO plugin v27.2 - https:\/\/yoast.com\/product\/yoast-seo-wordpress\/ -->\n<title>ORTODONTIA PIRAQUARA<\/title>\n<meta name=\"description\" content=\"Cl\u00ednica odontol\u00f3gica completa em Piraquara, com os melhores especialistas\" \/>\n<meta name=\"robots\" content=\"index, follow, max-snippet:-1, max-image-preview:large, max-video-preview:-1\" \/>\n<link rel=\"canonical\" href=\"https:\/\/ortodontiapiraquara.com.br\/site\/pagina-de-entrada\/\" \/>\n<meta property=\"og:locale\" content=\"pt_BR\" \/>\n<meta property=\"og:type\" content=\"article\" \/>\n<meta property=\"og:title\" content=\"ORTODONTIA PIRAQUARA\" \/>\n<meta property=\"og:description\" content=\"Cl\u00ednica odontol\u00f3gica completa em Piraquara, com os melhores especialistas\" \/>\n<meta property=\"og:url\" content=\"https:\/\/ortodontiapiraquara.com.br\/site\/pagina-de-entrada\/\" \/>\n<meta property=\"og:site_name\" content=\"Seu dentista em Piraquara: Ortodontia Piraquara\" \/>\n<meta property=\"article:publisher\" content=\"https:\/\/www.facebook.com\/ortodontiapiraquara\" \/>\n<meta property=\"article:modified_time\" content=\"2020-10-03T02:12:52+00:00\" \/>\n<meta name=\"twitter:card\" content=\"summary_large_image\" \/>\n<script type=\"application\/ld+json\" class=\"yoast-schema-graph\">{\"@context\":\"https:\/\/schema.org\",\"@graph\":[{\"@type\":\"WebPage\",\"@id\":\"https:\/\/ortodontiapiraquara.com.br\/site\/pagina-de-entrada\/\",\"url\":\"https:\/\/ortodontiapiraquara.com.br\/site\/pagina-de-entrada\/\",\"name\":\"ORTODONTIA PIRAQUARA\",\"isPartOf\":{\"@id\":\"https:\/\/ortodontiapiraquara.com.br\/site\/#website\"},\"datePublished\":\"2020-10-02T14:37:00+00:00\",\"dateModified\":\"2020-10-03T02:12:52+00:00\",\"description\":\"Cl\u00ednica odontol\u00f3gica completa em Piraquara, com os melhores especialistas\",\"breadcrumb\":{\"@id\":\"https:\/\/ortodontiapiraquara.com.br\/site\/pagina-de-entrada\/#breadcrumb\"},\"inLanguage\":\"pt-BR\",\"potentialAction\":[{\"@type\":\"ReadAction\",\"target\":[\"https:\/\/ortodontiapiraquara.com.br\/site\/pagina-de-entrada\/\"]}]},{\"@type\":\"BreadcrumbList\",\"@id\":\"https:\/\/ortodontiapiraquara.com.br\/site\/pagina-de-entrada\/#breadcrumb\",\"itemListElement\":[{\"@type\":\"ListItem\",\"position\":1,\"name\":\"In\u00edcio\",\"item\":\"https:\/\/ortodontiapiraquara.com.br\/site\/\"},{\"@type\":\"ListItem\",\"position\":2,\"name\":\"ORTODONTIA PIRAQUARA\"}]},{\"@type\":\"WebSite\",\"@id\":\"https:\/\/ortodontiapiraquara.com.br\/site\/#website\",\"url\":\"https:\/\/ortodontiapiraquara.com.br\/site\/\",\"name\":\"Seu dentista em Piraquara. Ortodontia Piraquara\",\"description\":\"Cl\u00ednica odontol\u00f3gica completa em Piraquara, com os melhores especialistas\",\"publisher\":{\"@id\":\"https:\/\/ortodontiapiraquara.com.br\/site\/#organization\"},\"potentialAction\":[{\"@type\":\"SearchAction\",\"target\":{\"@type\":\"EntryPoint\",\"urlTemplate\":\"https:\/\/ortodontiapiraquara.com.br\/site\/?s={search_term_string}\"},\"query-input\":{\"@type\":\"PropertyValueSpecification\",\"valueRequired\":true,\"valueName\":\"search_term_string\"}}],\"inLanguage\":\"pt-BR\"},{\"@type\":\"Organization\",\"@id\":\"https:\/\/ortodontiapiraquara.com.br\/site\/#organization\",\"name\":\"Seu dentista em Piraquara. Ortodontia Piraquara\",\"url\":\"https:\/\/ortodontiapiraquara.com.br\/site\/\",\"logo\":{\"@type\":\"ImageObject\",\"inLanguage\":\"pt-BR\",\"@id\":\"https:\/\/ortodontiapiraquara.com.br\/site\/#\/schema\/logo\/image\/\",\"url\":\"https:\/\/ortodontiapiraquara.com.br\/site\/wp-content\/uploads\/2020\/01\/logo-ortodontia-piraquara.png\",\"contentUrl\":\"https:\/\/ortodontiapiraquara.com.br\/site\/wp-content\/uploads\/2020\/01\/logo-ortodontia-piraquara.png\",\"width\":300,\"height\":71,\"caption\":\"Seu dentista em Piraquara. Ortodontia Piraquara\"},\"image\":{\"@id\":\"https:\/\/ortodontiapiraquara.com.br\/site\/#\/schema\/logo\/image\/\"},\"sameAs\":[\"https:\/\/www.facebook.com\/ortodontiapiraquara\",\"https:\/\/www.instagram.com\/ortodontia.piraquara\/\"]}]}<\/script>\n<!-- \/ Yoast SEO plugin. -->","yoast_head_json":{"title":"ORTODONTIA PIRAQUARA","description":"Cl\u00ednica odontol\u00f3gica completa em Piraquara, com os melhores especialistas","robots":{"index":"index","follow":"follow","max-snippet":"max-snippet:-1","max-image-preview":"max-image-preview:large","max-video-preview":"max-video-preview:-1"},"canonical":"https:\/\/ortodontiapiraquara.com.br\/site\/pagina-de-entrada\/","og_locale":"pt_BR","og_type":"article","og_title":"ORTODONTIA PIRAQUARA","og_description":"Cl\u00ednica odontol\u00f3gica completa em Piraquara, com os melhores especialistas","og_url":"https:\/\/ortodontiapiraquara.com.br\/site\/pagina-de-entrada\/","og_site_name":"Seu dentista em Piraquara: Ortodontia Piraquara","article_publisher":"https:\/\/www.facebook.com\/ortodontiapiraquara","article_modified_time":"2020-10-03T02:12:52+00:00","twitter_card":"summary_large_image","schema":{"@context":"https:\/\/schema.org","@graph":[{"@type":"WebPage","@id":"https:\/\/ortodontiapiraquara.com.br\/site\/pagina-de-entrada\/","url":"https:\/\/ortodontiapiraquara.com.br\/site\/pagina-de-entrada\/","name":"ORTODONTIA PIRAQUARA","isPartOf":{"@id":"https:\/\/ortodontiapiraquara.com.br\/site\/#website"},"datePublished":"2020-10-02T14:37:00+00:00","dateModified":"2020-10-03T02:12:52+00:00","description":"Cl\u00ednica odontol\u00f3gica completa em Piraquara, com os melhores especialistas","breadcrumb":{"@id":"https:\/\/ortodontiapiraquara.com.br\/site\/pagina-de-entrada\/#breadcrumb"},"inLanguage":"pt-BR","potentialAction":[{"@type":"ReadAction","target":["https:\/\/ortodontiapiraquara.com.br\/site\/pagina-de-entrada\/"]}]},{"@type":"BreadcrumbList","@id":"https:\/\/ortodontiapiraquara.com.br\/site\/pagina-de-entrada\/#breadcrumb","itemListElement":[{"@type":"ListItem","position":1,"name":"In\u00edcio","item":"https:\/\/ortodontiapiraquara.com.br\/site\/"},{"@type":"ListItem","position":2,"name":"ORTODONTIA PIRAQUARA"}]},{"@type":"WebSite","@id":"https:\/\/ortodontiapiraquara.com.br\/site\/#website","url":"https:\/\/ortodontiapiraquara.com.br\/site\/","name":"Seu dentista em Piraquara. Ortodontia Piraquara","description":"Cl\u00ednica odontol\u00f3gica completa em Piraquara, com os melhores especialistas","publisher":{"@id":"https:\/\/ortodontiapiraquara.com.br\/site\/#organization"},"potentialAction":[{"@type":"SearchAction","target":{"@type":"EntryPoint","urlTemplate":"https:\/\/ortodontiapiraquara.com.br\/site\/?s={search_term_string}"},"query-input":{"@type":"PropertyValueSpecification","valueRequired":true,"valueName":"search_term_string"}}],"inLanguage":"pt-BR"},{"@type":"Organization","@id":"https:\/\/ortodontiapiraquara.com.br\/site\/#organization","name":"Seu dentista em Piraquara. Ortodontia Piraquara","url":"https:\/\/ortodontiapiraquara.com.br\/site\/","logo":{"@type":"ImageObject","inLanguage":"pt-BR","@id":"https:\/\/ortodontiapiraquara.com.br\/site\/#\/schema\/logo\/image\/","url":"https:\/\/ortodontiapiraquara.com.br\/site\/wp-content\/uploads\/2020\/01\/logo-ortodontia-piraquara.png","contentUrl":"https:\/\/ortodontiapiraquara.com.br\/site\/wp-content\/uploads\/2020\/01\/logo-ortodontia-piraquara.png","width":300,"height":71,"caption":"Seu dentista em Piraquara. Ortodontia Piraquara"},"image":{"@id":"https:\/\/ortodontiapiraquara.com.br\/site\/#\/schema\/logo\/image\/"},"sameAs":["https:\/\/www.facebook.com\/ortodontiapiraquara","https:\/\/www.instagram.com\/ortodontia.piraquara\/"]}]}},"amp_enabled":true,"_links":{"self":[{"href":"https:\/\/ortodontiapiraquara.com.br\/site\/wp-json\/wp\/v2\/pages\/177","targetHints":{"allow":["GET"]}}],"collection":[{"href":"https:\/\/ortodontiapiraquara.com.br\/site\/wp-json\/wp\/v2\/pages"}],"about":[{"href":"https:\/\/ortodontiapiraquara.com.br\/site\/wp-json\/wp\/v2\/types\/page"}],"author":[{"embeddable":true,"href":"https:\/\/ortodontiapiraquara.com.br\/site\/wp-json\/wp\/v2\/users\/1"}],"replies":[{"embeddable":true,"href":"https:\/\/ortodontiapiraquara.com.br\/site\/wp-json\/wp\/v2\/comments?post=177"}],"version-history":[{"count":4,"href":"https:\/\/ortodontiapiraquara.com.br\/site\/wp-json\/wp\/v2\/pages\/177\/revisions"}],"predecessor-version":[{"id":205,"href":"https:\/\/ortodontiapiraquara.com.br\/site\/wp-json\/wp\/v2\/pages\/177\/revisions\/205"}],"wp:attachment":[{"href":"https:\/\/ortodontiapiraquara.com.br\/site\/wp-json\/wp\/v2\/media?parent=177"}],"curies":[{"name":"wp","href":"https:\/\/api.w.org\/{rel}","templated":true}]}}